{"id":50,"date":"2019-08-30T12:52:00","date_gmt":"2019-08-30T16:52:00","guid":{"rendered":"http:\/\/blogs.law.columbia.edu\/revolution1313\/?page_id=50"},"modified":"2023-04-18T16:45:58","modified_gmt":"2023-04-18T20:45:58","slug":"critique-13-13-seminar-series-schedule-2019-2020","status":"publish","type":"page","link":"https:\/\/blogs.law.columbia.edu\/utopia1313\/critique-13-13-seminar-series-schedule-2019-2020\/","title":{"rendered":"Utopia 13\/13 Seminar Series Schedule 2022-2023"},"content":{"rendered":"<h2 style=\"text-align: center;\"><a href=\"https:\/\/blogs.law.columbia.edu\/utopia1313\/1-13\/\">Utopia 1\/13 | Critical Theoretic Foundations for Concrete Utopias with \u00c9tienne Balibar<\/a><\/h2>\n<h2 style=\"text-align: center;\"><a href=\"https:\/\/blogs.law.columbia.edu\/utopia1313\/etienne-balibar\/\">Etienne Balibar<\/a> and <a href=\"https:\/\/blogs.law.columbia.edu\/utopia1313\/bernard-e-harcourt-host\/\">Bernard E. Harcourt<\/a><\/h2>\n<h2 style=\"text-align: center;\">read and discuss<\/h2>\n<h2 style=\"text-align: center;\">Marx and Engels, <em>The Communist Manifesto<\/em> (1847)<\/h2>\n<h2 style=\"text-align: center;\">Ernst Bloch, <em>The Spirit of Utopia<\/em> (1918)<\/h2>\n<h2 style=\"text-align: center;\">Michel Foucault, \u201c<a href=\"https:\/\/blogs.law.columbia.edu\/utopia1313\/files\/2022\/09\/Michel-Foucault_Of-Other-Spaces.pdf\">Of Other Spaces: Utopias and Heterotopias<\/a>\u201d (1967\/1984)<\/h2>\n<h2 style=\"text-align: center;\">Fredric Jameson, <em>Archaeologies of the Future<\/em>\u00a0(2005)<\/h2>\n<h2 style=\"text-align: center;\">Zapatista Army of National Liberation, <a href=\"http:\/\/enlacezapatista.ezln.org.mx\/sdsl-en\/\"><em>Sixth Declaration of the Selva Lacandonia <\/em><\/a>(2005)<\/h2>\n<h2 style=\"text-align: center;\">Erik Olin Wright,\u00a0<em>Envisioning Real Utopias<\/em> (Verso 2010)<\/h2>\n<h2 style=\"text-align: center;\">and\u00a0Alex Williams and Nick Srnicek, <a href=\"https:\/\/criticallegalthinking.com\/2013\/05\/14\/accelerate-manifesto-for-an-accelerationist-politics\/\"><em>Manifesto for an Accelerationist Politics<\/em><\/a> (2013)<\/h2>\n<h2 style=\"text-align: center;\">Wednesday, September 28, 2022, 6:15-8:45 PM<\/h2>\n<h2 style=\"text-align: center;\">Columbia University<\/h2>\n<h2 style=\"text-align: center;\">~~~<\/h2>\n<h1 style=\"text-align: center;\"><a href=\"https:\/\/blogs.law.columbia.edu\/utopia1313\/2-13\/\">Utopia 2\/13 | Cooperation Jackson with Kali Akuno<\/a><\/h1>\n<h2 style=\"text-align: center;\"><a href=\"https:\/\/blogs.law.columbia.edu\/utopia1313\/kali-akuno\/\">Kali Akuno<\/a> and <a href=\"https:\/\/blogs.law.columbia.edu\/utopia1313\/bernard-e-harcourt-host\/\">Bernard E. Harcourt<\/a><\/h2>\n<h2 style=\"text-align: center;\">discuss <a href=\"https:\/\/cooperationjackson.org\/\">Cooperation Jackson<\/a><\/h2>\n<h2 style=\"text-align: center;\">and read<\/h2>\n<h2 style=\"text-align: center;\"><em>Jackson Rising: The Struggle for Economic Democracy and Black Self-Determination in Jackson, Mississippi\u00a0<\/em>by Kali Akuno and Ajamu Nangwaya<\/h2>\n<h2 style=\"text-align: center;\"><em><a href=\"https:\/\/mronline.org\/wp-content\/uploads\/2020\/07\/Jackson-KushPlan.pdf\">The Jackson-Kush Plan: The Struggle for Black Self-Determination and Economic Democracy<\/a> <\/em>by Kali Akuno<\/h2>\n<h2 style=\"text-align: center;\"><span style=\"font-size: 16px;\">Wednesday, October 12, 2022, 6:15-8:45 PM<\/span><\/h2>\n<h2 style=\"text-align: center;\">Columbia University<\/h2>\n<h2 style=\"text-align: center;\">~~~<\/h2>\n<h1 style=\"text-align: center;\"><a href=\"https:\/\/blogs.law.columbia.edu\/utopia1313\/3-13\/\">Utopia 3\/13 | Union Organizing and the Future of Work<\/a><\/h1>\n<h2 style=\"text-align: center;\"><a href=\"https:\/\/blogs.law.columbia.edu\/utopia1313\/alyssa-battistoni\/\">Alyssa Battistoni<\/a>, <a href=\"https:\/\/blogs.law.columbia.edu\/utopia1313\/dominic-terrel-walker\/\">Dominic Walker<\/a>, <a href=\"https:\/\/blogs.law.columbia.edu\/utopia1313\/helen-zhao\/\">Helen Zhao<\/a>, <a href=\"https:\/\/blogs.law.columbia.edu\/utopia1313\/6046-2\/\">Joselyn Chuquillanqui<\/a>, and <a href=\"https:\/\/blogs.law.columbia.edu\/utopia1313\/bernard-e-harcourt-host\/\">Bernard E. Harcourt\u00a0<\/a><\/h2>\n<h2 style=\"text-align: center;\">discuss the unionization efforts of the Student Workers of Columbia and workers at Amazon, Starbucks, and REI<\/h2>\n<h2 style=\"text-align: center;\">and read<\/h2>\n<h2 style=\"text-align: center;\">&#8220;<a href=\"https:\/\/www.nplusonemag.com\/issue-34\/politics\/spadework\/\">Spadework<\/a>&#8221; and &#8220;<a href=\"https:\/\/www.thenation.com\/article\/society\/sarah-jaffe-aaron-benanav-automation-work\/\">Labor Without Love<\/a>&#8221; by Alyssa Battistoni<\/h2>\n<h2 style=\"text-align: center;\">Wednesday, October 26, 2022, 6:15-8:45 PM<\/h2>\n<h2 style=\"text-align: center;\"><a href=\"https:\/\/blogs.law.columbia.edu\/utopia1313\/files\/2022\/09\/Directions-to-Jerome-Greene-Annex.pdf\">Jerome Greene Annex<\/a>, Columbia University<\/h2>\n<h2 style=\"text-align: center;\">~~~<\/h2>\n<h1 style=\"text-align: center;\"><a href=\"https:\/\/blogs.law.columbia.edu\/utopia1313\/4-13\/\">Utopia 4\/13 | &#8220;Degrowth&#8221;: History, Theory, and Praxis<\/a><\/h1>\n<h2 style=\"text-align: center;\"><a href=\"https:\/\/blogs.law.columbia.edu\/utopia1313\/frederic-bosquet\/\">Frederic Bosquet<\/a>, <a href=\"https:\/\/blogs.law.columbia.edu\/utopia1313\/francoise-gollain\/\">Fr<\/a><a href=\"https:\/\/blogs.law.columbia.edu\/utopia1313\/francoise-gollain\/\">an\u00e7oise<\/a><a href=\"https:\/\/blogs.law.columbia.edu\/utopia1313\/francoise-gollain\/\"> Gollain<\/a>, <a href=\"https:\/\/blogs.law.columbia.edu\/utopia1313\/telemaque-masson\/\">T\u00e9l\u00e9maque Masson-R\u00e9cipon<\/a>, <a href=\"https:\/\/blogs.law.columbia.edu\/utopia1313\/baptiste-mylondo\/\">Baptiste Mylondo<\/a>, Alex Robin, <a href=\"https:\/\/blogs.law.columbia.edu\/utopia1313\/clara-ruault\/\">Clara Ruault<\/a>, and <a href=\"https:\/\/blogs.law.columbia.edu\/utopia1313\/bernard-e-harcourt-host\/\">Bernard<\/a><a href=\"https:\/\/blogs.law.columbia.edu\/utopia1313\/bernard-e-harcourt-host\/\"> E.<\/a><a href=\"https:\/\/blogs.law.columbia.edu\/utopia1313\/bernard-e-harcourt-host\/\"> Harcourt<\/a><\/h2>\n<h2 style=\"text-align: center;\">read and discuss<\/h2>\n<h2 style=\"text-align: center;\"><em>\u00a0La d\u00e9croissance, une id\u00e9e pour demain<\/em> and <i>Utopies locales. Les solutions \u00e9cologiques et solidaires de demain <\/i>by Timoth\u00e9e Duverger<\/h2>\n<h2 style=\"text-align: center;\">Wednesday, November 9, 2022, 18h Paris \/ 12 noon NYC<\/h2>\n<h2 style=\"text-align: center;\"><a href=\"https:\/\/librairie-utopia.org\/\">La Librairie Utopia<\/a>, 1 rue Fr\u00e9d\u00e9ric Sauton, Paris 5e<\/h2>\n<h1 style=\"text-align: center;\"><\/h1>\n<h2 style=\"text-align: center;\">~~~<\/h2>\n<h1 style=\"text-align: center;\"><a href=\"https:\/\/blogs.law.columbia.edu\/utopia1313\/5-13\/\">Utopia 5\/13 | Mutualism from Praxis to Theory<\/a><\/h1>\n<h2 style=\"text-align: center;\"><a href=\"https:\/\/blogs.law.columbia.edu\/utopia1313\/sara-horowitz\/\">Sara Horowitz<\/a>, <a href=\"https:\/\/blogs.law.columbia.edu\/utopia1313\/esteban-kelly\/\">Esteban Kelly<\/a>, and <a href=\"https:\/\/blogs.law.columbia.edu\/utopia1313\/bernard-e-harcourt-host\/\">Bernard E. Harcourt<\/a><\/h2>\n<h2 style=\"text-align: center;\">read and discuss<\/h2>\n<h2 style=\"text-align: center;\"><em><a href=\"https:\/\/www.penguinrandomhouse.com\/books\/621946\/mutualism-by-sara-horowitz\/\">Mutualism<\/a>\u00a0<\/em>by Sara Horowitz<\/h2>\n<h2 style=\"text-align: center;\">Wednesday, November 30, 2022. 6:15-8:45 PM<\/h2>\n<h2 style=\"text-align: center;\"><a href=\"https:\/\/maisonfrancaise.org\">Maison Fran\u00e7aise<\/a>, Columbia University<\/h2>\n<h2 style=\"text-align: center;\">~~~<\/h2>\n<h1 style=\"text-align: center;\"><a href=\"https:\/\/blogs.law.columbia.edu\/utopia1313\/6-13\/\">Utopia 6\/13 | Practical Utopias with Noam Chomsky and Che Gossett<\/a><\/h1>\n<h2 style=\"text-align: center;\"><a href=\"https:\/\/blogs.law.columbia.edu\/utopia1313\/noam-chomsky\/\">Noam Chomsky<\/a>,\u00a0<a href=\"https:\/\/blogs.law.columbia.edu\/utopia1313\/che-gossett\/\">Che Gossett<\/a>, and\u00a0<a href=\"https:\/\/blogs.law.columbia.edu\/utopia1313\/bernard-e-harcourt-host\/\">Bernard E. Harcourt<\/a><\/h2>\n<h2 style=\"text-align: center;\">read and discuss<\/h2>\n<h2 style=\"text-align: center;\">&#8220;<a href=\"https:\/\/chomsky.info\/19670223\/\">The Responsibility of Intellectuals<\/a>&#8221; (1967), Part 2 of the <a href=\"http:\/\/chomsky.info\/1971xxxx\/\">Foucault-Chomsky Debate on Politics<\/a> (1971),\u00a0<em><a href=\"https:\/\/theanarchistlibrary.org\/library\/noam-chomsky-on-anarchism\">On Anarchism<\/a>\u00a0<\/em>(2013), and\u00a0<a href=\"https:\/\/blogs.law.columbia.edu\/utopia1313\/files\/2022\/10\/MichaelAlbert_2017_Preface_PracticalUtopiaStrate.pdf\">Preface to <em>Practical Utopia<\/em><\/a> (2017) by Noam Chomsky<\/h2>\n<h2 style=\"text-align: center;\">Wednesday, January 18, 2023, 6:15-8:45 PM<\/h2>\n<h2 style=\"text-align: center;\">Columbia University<\/h2>\n<h2 style=\"text-align: center;\">~~~<\/h2>\n<h1 style=\"text-align: center;\"><a href=\"https:\/\/blogs.law.columbia.edu\/utopia1313\/7-13\/\">Utopia 7\/13 | Concrete Utopianism<\/a><\/h1>\n<h2 style=\"text-align: center;\"><a href=\"https:\/\/blogs.law.columbia.edu\/utopia1313\/nadia-abu-el-haj\/\">Nadia Abu El-Haj<\/a>,\u00a0<a href=\"https:\/\/blogs.law.columbia.edu\/utopia1313\/kaiama-l-glover\/\">Kaiama Glover<\/a>,\u00a0<a href=\"https:\/\/blogs.law.columbia.edu\/utopia1313\/fred-moten\/\">Fred Moten<\/a>,\u00a0<a href=\"https:\/\/blogs.law.columbia.edu\/utopia1313\/gary-wilder\/\">Gary Wilder<\/a>, and\u00a0<a href=\"https:\/\/blogs.law.columbia.edu\/utopia1313\/bernard-e-harcourt-host\/\">Bernard E. Harcourt<\/a><\/h2>\n<h2 style=\"text-align: center;\">read and discuss<\/h2>\n<h2 style=\"text-align: center;\"><a href=\"https:\/\/www.fordhampress.com\/9780823299874\/concrete-utopianism\/\"><em>Concrete Utopianism<\/em>\u00a0<\/a>by Gary Wilder<\/h2>\n<h2 style=\"text-align: center;\">Tuesday, February 21, 2023 at 6:15 pm<\/h2>\n<h2 style=\"text-align: center;\">Maison Francaise, Columbia University<\/h2>\n<h2 style=\"text-align: center;\">~~~<\/h2>\n<header class=\"entry-header\">\n<h1 class=\"entry-title\" style=\"text-align: center;\"><a href=\"https:\/\/blogs.law.columbia.edu\/utopia1313\/8-13\/\">Utopia 8\/13 | A Conversation with Amna Akbar, Derecka Purnell, and Cornel West on the Role of Law in Progressive Politics<\/a><\/h1>\n<\/header>\n<div class=\"clearfix entry-content\">\n<h2 style=\"text-align: center;\"><a href=\"https:\/\/blogs.law.columbia.edu\/utopia1313\/amna-akbar\/\">Amna Akbar<\/a>, <a href=\"https:\/\/blogs.law.columbia.edu\/utopia1313\/cornel-west\/\">Cornel West<\/a>, <a href=\"https:\/\/blogs.law.columbia.edu\/utopia1313\/derecka-purnell\/\">Derecka Purnell<\/a>, and <a href=\"https:\/\/blogs.law.columbia.edu\/utopia1313\/bernard-e-harcourt-host\/\">Bernard E. Harcourt<\/a><\/h2>\n<h2 style=\"text-align: center;\">read and discuss<\/h2>\n<h2 style=\"text-align: center;\"><a href=\"https:\/\/blogs.law.columbia.edu\/utopia1313\/files\/2022\/12\/The-Role-of-Law-in-Progressive-Politics.pdf\">the role of law in progressive politics<\/a><\/h2>\n<h2 style=\"text-align: center;\">Wednesday, February 8, 2023 at 7 pm<\/h2>\n<h2 style=\"text-align: center;\"><a href=\"https:\/\/blogs.law.columbia.edu\/utopia1313\/files\/2022\/09\/Directions-to-Jerome-Greene-Annex.pdf\">Jerome Greene Annex<\/a>, Columbia University<\/h2>\n<h2 style=\"text-align: center;\">~~~<\/h2>\n<h1 style=\"text-align: center;\"><a href=\"https:\/\/blogs.law.columbia.edu\/utopia1313\/9-13\/\">Utopia 9\/13 | Bernard E. Harcourt Lecture at the Coll\u00e8ge international de philosophie: \u00ab Nommer, Utopier \u00bb<\/a><\/h1>\n<h2 style=\"text-align: center;\">Conf\u00e9rence de Bernard E. Harcourt, donn\u00e9e au Coll\u00e8ge international de philosophie,<\/h2>\n<h2 style=\"text-align: center;\">dans le cadre du s\u00e9minaire de Julien Jeusette et Ezio Puglia sur \u00ab Le parc humain. Enclave et vuln\u00e9rabilit\u00e9 d&#8217;Alfred Kubin \u00e0 Westworld \u00bb<\/h2>\n<h2 style=\"text-align: center;\">le 13 janvier 2023<\/h2>\n<h2 style=\"text-align: center;\">Lire le texte sur SSRN <a href=\"https:\/\/papers.ssrn.com\/sol3\/papers.cfm?abstract_id=4323925\">ici<\/a>.<\/h2>\n<h2 style=\"text-align: center;\">~~~<\/h2>\n<h1 style=\"text-align: center;\"><a href=\"https:\/\/blogs.law.columbia.edu\/utopia1313\/10-13\/\">Utopia 10\/13 | Critical Theory and Utopian Thought<\/a><\/h1>\n<h2 style=\"text-align: center;\"><a href=\"https:\/\/blogs.law.columbia.edu\/utopia1313\/rahel-jaeggi\/\">Rahel Jaeggi<\/a>, <a href=\"https:\/\/blogs.law.columbia.edu\/utopia1313\/martin-saar\/\">Martin Saar<\/a> and <a href=\"https:\/\/blogs.law.columbia.edu\/utopia1313\/bernard-e-harcourt-host\/\">Bernard E. Harcourt<\/a><\/h2>\n<h2 style=\"text-align: center;\">read and discuss<\/h2>\n<h2 style=\"text-align: center;\"><a href=\"https:\/\/www.marxists.org\/reference\/archive\/marcuse\/works\/1967\/end-utopia.htm\"><em>The End of Utopia\u00a0<\/em><\/a>by Herbert Marcuse<\/h2>\n<h2 style=\"text-align: center;\">&#8220;<a href=\"https:\/\/www.academia.edu\/45015963\/Ernst_Bloch_and_Theodor_W_Adorno_Possibilities_of_Utopia_Today_English_Translation?auto=download\">Possibilities of Utopia Today<\/a>&#8221; with Ernst Bloch and Theodor W. Adorno<\/h2>\n<h2 style=\"text-align: center;\">and &#8220;<a href=\"https:\/\/sk.sagepub.com\/reference\/the-sage-handbook-of-frankfurt-school-critical-theory\/i6482.xml\">Critical Theory and Utopian Thought<\/a>&#8221; by Alexander Neupert-Doppler &amp; Charles Reitz<\/h2>\n<h2 style=\"text-align: center;\">Thursday, March 9, 2023<\/h2>\n<h2 style=\"text-align: center;\">In Berlin<\/h2>\n<h2 style=\"text-align: center;\">~~~<\/h2>\n<h1 style=\"text-align: center;\"><a href=\"https:\/\/blogs.law.columbia.edu\/utopia1313\/11-13\/\">Utopia 11\/13 | Utopier le Pr\u00e9sent<\/a><\/h1>\n<h2 style=\"text-align: center;\"><span style=\"font-weight: 400;\">La\u00ebtitia Riss, <a href=\"https:\/\/blogs.law.columbia.edu\/utopia1313\/etienne-balibar\/\">\u00c9tienne Balibar<\/a><\/span>, and <a href=\"https:\/\/blogs.law.columbia.edu\/utopia1313\/bernard-e-harcourt-host\/\">Bernard E. Harcourt<\/a><\/h2>\n<h2 style=\"text-align: center;\">read and discuss<\/h2>\n<h2 style=\"text-align: center;\">\u00ab\u00a0<a href=\"https:\/\/blogs.law.columbia.edu\/utopia1313\/files\/2022\/11\/Utopier-le-pre%CC%81sent-Le-re%CC%82ve-historique-des-utopies.pdf\">Utopier le pr\u00e9sent : le r\u00eave historique des utopies<\/a>\u00a0\u00bb\u00a0<strong>by La\u00ebtitia Riss<\/strong><\/h2>\n<h2 style=\"text-align: center;\">\u00a0Extract from\u00a0<a href=\"https:\/\/blogs.law.columbia.edu\/utopia1313\/files\/2023\/03\/G.-Anders-%E2%80%93-Extrait-Utopie-Molussie.pdf\"><em>La Catacombe de Molussie<\/em><\/a>\u00a0by G\u00fcnther Anders<\/h2>\n<h2 style=\"text-align: center;\">Friday, March 17, 2023, 6:15-8:45h Paris<\/h2>\n<h2 style=\"text-align: center;\">~~~<\/h2>\n<h1 style=\"text-align: center;\"><a href=\"https:\/\/blogs.law.columbia.edu\/utopia1313\/12-13\/\">Utopia 12\/13 | Utopia and Cosmopolitanism<\/a><\/h1>\n<h2 style=\"text-align: center;\"><a href=\"https:\/\/blogs.law.columbia.edu\/utopia1313\/seyla-benhabib\/\">Seyla Benhabib<\/a>, <a href=\"https:\/\/blogs.law.columbia.edu\/utopia1313\/robert-gooding-williams\/\">Robert Gooding-Williams,<\/a> <a href=\"https:\/\/blogs.law.columbia.edu\/utopia1313\/karuna-mantena\/\">Karuna Mantena<\/a>, <a href=\"https:\/\/blogs.law.columbia.edu\/utopia1313\/kendall-thomas\/\">Kendall Thomas<\/a>, and <a href=\"https:\/\/blogs.law.columbia.edu\/utopia1313\/bernard-e-harcourt-host\/\">Bernard E. Harcourt<\/a><\/h2>\n<h2 style=\"text-align: center;\">read and discuss<\/h2>\n<h2 style=\"text-align: center;\"><a href=\"https:\/\/blogs.law.columbia.edu\/utopia1313\/files\/2023\/03\/Critique-Norm-Utopia-346-353.pdf\"><em><span style=\"font-weight: 400;\">Critique, Norm, and Utopia <\/span><\/em><\/a><span style=\"font-weight: 400;\">and <\/span><span style=\"font-weight: 400;\">\u201c<a href=\"https:\/\/blogs.law.columbia.edu\/utopia1313\/files\/2023\/02\/Seyla-Benhabib-Utopia-and-Dystopia-in-Our-Times-2.pdf\">Utopia and Dystopia in Our Times<\/a>\u201d <\/span><span style=\"font-weight: 400;\">by Seyla Benhabib<\/span><\/h2>\n<h2 style=\"text-align: center;\">Wednesday, April 12, 2023 at 6:15 pm<\/h2>\n<h2 style=\"text-align: center;\"><a href=\"https:\/\/blogs.law.columbia.edu\/utopia1313\/files\/2022\/09\/Directions-to-Jerome-Greene-Annex.pdf\">Jerome Greene Annex<\/a>, Columbia University<\/h2>\n<h2 style=\"text-align: center;\">~~~<\/h2>\n<h1 style=\"text-align: center;\"><a href=\"https:\/\/blogs.law.columbia.edu\/utopia1313\/10-13\/\">Utopia 13\/13 | Architecture and Utopia<\/a><\/h1>\n<h2 style=\"text-align: center;\"><span style=\"font-weight: 400;\"><a href=\"https:\/\/blogs.law.columbia.edu\/utopia1313\/xavi-laida-aguirre\/\">Xavi Laida Aguirre<\/a>, <\/span><span style=\"font-weight: 400;\"><a href=\"https:\/\/blogs.law.columbia.edu\/utopia1313\/reinhold-martin\/\">Reinhold Martin<\/a>, <a href=\"https:\/\/blogs.law.columbia.edu\/utopia1313\/felicity-scott\/\">Felicity Scott<\/a>,\u00a0<a href=\"https:\/\/blogs.law.columbia.edu\/utopia1313\/anthony-vidler\/\">Anthony Vidler <\/a><\/span> and <a href=\"https:\/\/blogs.law.columbia.edu\/utopia1313\/bernard-e-harcourt-host\/\">Bernard E. Harcourt<\/a><\/h2>\n<h2 style=\"text-align: center;\">read and discuss<\/h2>\n<h2 dir=\"ltr\" style=\"text-align: center;\"><em>\u00a0<a href=\"https:\/\/www.upress.umn.edu\/book-division\/books\/utopiaas-ghost\">Utopia\u2019s Ghost<\/a><\/em> by Reinhold Martin<\/h2>\n<h2 dir=\"ltr\" style=\"text-align: center;\"><a href=\"https:\/\/mitpress.mit.edu\/9780262514064\/architecture-or-techno-utopia\/\"><em>Architecture or Techno-Utopia<\/em><\/a> by Felicity Scott<\/h2>\n<h2 dir=\"ltr\" style=\"text-align: center;\"><a href=\"https:\/\/urldefense.proofpoint.com\/v2\/url?u=https-3A__drive.google.com_file_d_1XEDpc3XS7lmzjn6mqWWeVqMBY0GIfkxd_view-3Fusp-3Dsharing&amp;d=DwMFaQ&amp;c=009klHSCxuh5AI1vNQzSO0KGjl4nbi2Q0M1QLJX9BeE&amp;r=iI2us893NucK2MWebFW4tArykNxMU41c2HwIMqj1j4M&amp;m=cee-HTl3afvJYCZT7uAVPARU1Ugcx4DL6b2zjUgLp6DT9w9IXmUkSt1UmVVg6sIa&amp;s=V3bFBdsPSpJkul3gZ-C2M0mnmPqrsxtyVNhK_sDF8Y8&amp;e=\" target=\"_blank\" rel=\"noopener\" data-saferedirecturl=\"https:\/\/www.google.com\/url?q=https:\/\/urldefense.proofpoint.com\/v2\/url?u%3Dhttps-3A__drive.google.com_file_d_1XEDpc3XS7lmzjn6mqWWeVqMBY0GIfkxd_view-3Fusp-3Dsharing%26d%3DDwMFaQ%26c%3D009klHSCxuh5AI1vNQzSO0KGjl4nbi2Q0M1QLJX9BeE%26r%3DiI2us893NucK2MWebFW4tArykNxMU41c2HwIMqj1j4M%26m%3Dcee-HTl3afvJYCZT7uAVPARU1Ugcx4DL6b2zjUgLp6DT9w9IXmUkSt1UmVVg6sIa%26s%3DV3bFBdsPSpJkul3gZ-C2M0mnmPqrsxtyVNhK_sDF8Y8%26e%3D&amp;source=gmail&amp;ust=1669860128141000&amp;usg=AOvVaw0E3MJGXOB83yyai6uag1kK\">\u201cDiagrams of Utopia\u201d <\/a>by Anthony Vidler<\/h2>\n<h2 style=\"text-align: center;\"><i><a href=\"https:\/\/mitpress.mit.edu\/9780262700207\/architecture-and-utopia\/\">Architecture and Utopia<\/a> <\/i>by Manfredo Tafuri<\/h2>\n<h1 style=\"text-align: center;\">Wednesday, April 19, 2023 at 6:15 pm<\/h1>\n<h2 style=\"text-align: center;\"><a href=\"https:\/\/blogs.law.columbia.edu\/utopia1313\/files\/2022\/09\/Directions-to-Jerome-Greene-Annex.pdf\">Jerome Greene Annex<\/a>, Columbia University<\/h2>\n<h2 style=\"text-align: center;\">~~~<\/h2>\n<h1 style=\"text-align: center;\"><a href=\"https:\/\/blogs.law.columbia.edu\/utopia1313\/14-13\/\">Utopia 14\/13 | Cooperation Book Launch<\/a><\/h1>\n<h2 style=\"text-align: center;\"><a href=\"https:\/\/blogs.law.columbia.edu\/utopia1313\/amna-akbar\/\">Amna Akbar<\/a> and <a href=\"https:\/\/blogs.law.columbia.edu\/utopia1313\/bernard-e-harcourt-host\/\">Bernard E. Harcourt <\/a><\/h2>\n<h2 style=\"text-align: center;\">launch the new book\u00a0<a href=\"https:\/\/cup.columbia.edu\/book\/cooperation\/9780231209540\"><em>Cooperation<\/em> <\/a>by Bernard E. Harcourt<\/h2>\n<h1 style=\"text-align: center;\">Wednesday, April 26, 2023 at 6:15 pm<\/h1>\n<h2 style=\"text-align: center;\">~~~<\/h2>\n<h1 style=\"text-align: center;\"><a href=\"https:\/\/blogs.law.columbia.edu\/utopia1313\/13-13\/\">TBD | Transitions of Power<\/a><\/h1>\n<h2 style=\"text-align: center;\"><a href=\"https:\/\/blogs.law.columbia.edu\/utopia1313\/mamadou-diouf\/\">Mamadou Diouf<\/a> and <a href=\"https:\/\/blogs.law.columbia.edu\/utopia1313\/bernard-e-harcourt-host\/\">Bernard E. Harcourt<\/a><\/h2>\n<h2 style=\"text-align: center;\">discuss transitions of power<\/h2>\n<h2 style=\"text-align: center;\">Wednesday, May 25, 2023<\/h2>\n<h2 style=\"text-align: center;\">In Senegal<\/h2>\n<\/div>\n","protected":false},"excerpt":{"rendered":"<p>Utopia 1\/13 | Critical Theoretic Foundations for Concrete Utopias with \u00c9tienne Balibar Etienne Balibar and Bernard E. Harcourt read and discuss Marx and Engels, The Communist Manifesto (1847) Ernst Bloch, The Spirit of Utopia (1918) Michel Foucault, \u201cOf Other Spaces:&hellip; <a href=\"https:\/\/blogs.law.columbia.edu\/utopia1313\/critique-13-13-seminar-series-schedule-2019-2020\/\" class=\"more-link\">Continue Reading <span class=\"meta-nav\">&rarr;<\/span><\/a><\/p>\n","protected":false},"author":1603,"featured_media":0,"parent":0,"menu_order":0,"comment_status":"closed","ping_status":"closed","template":"","meta":{"_monsterinsights_skip_tracking":false,"_monsterinsights_sitenote_active":false,"_monsterinsights_sitenote_note":"","_monsterinsights_sitenote_category":0,"footnotes":""},"class_list":["post-50","page","type-page","status-publish","hentry"],"post_mailing_queue_ids":[],"_links":{"self":[{"href":"https:\/\/blogs.law.columbia.edu\/utopia1313\/wp-json\/wp\/v2\/pages\/50","targetHints":{"allow":["GET"]}}],"collection":[{"href":"https:\/\/blogs.law.columbia.edu\/utopia1313\/wp-json\/wp\/v2\/pages"}],"about":[{"href":"https:\/\/blogs.law.columbia.edu\/utopia1313\/wp-json\/wp\/v2\/types\/page"}],"author":[{"embeddable":true,"href":"https:\/\/blogs.law.columbia.edu\/utopia1313\/wp-json\/wp\/v2\/users\/1603"}],"replies":[{"embeddable":true,"href":"https:\/\/blogs.law.columbia.edu\/utopia1313\/wp-json\/wp\/v2\/comments?post=50"}],"version-history":[{"count":0,"href":"https:\/\/blogs.law.columbia.edu\/utopia1313\/wp-json\/wp\/v2\/pages\/50\/revisions"}],"wp:attachment":[{"href":"https:\/\/blogs.law.columbia.edu\/utopia1313\/wp-json\/wp\/v2\/media?parent=50"}],"curies":[{"name":"wp","href":"https:\/\/api.w.org\/{rel}","templated":true}]}}