{"id":1156,"date":"2021-09-03T18:19:13","date_gmt":"2021-09-03T22:19:13","guid":{"rendered":"http:\/\/blogs.law.columbia.edu\/revolution1313\/?page_id=1156"},"modified":"2023-02-09T22:27:09","modified_gmt":"2023-02-10T03:27:09","slug":"4-13","status":"publish","type":"page","link":"https:\/\/blogs.law.columbia.edu\/utopia1313\/4-13\/","title":{"rendered":"4\/13 | &#8220;Degrowth&#8221;: History, Theory, and Praxis"},"content":{"rendered":"<p style=\"text-align: center;\"><iframe loading=\"lazy\" title=\"YouTube video player\" src=\"https:\/\/www.youtube.com\/embed\/EFweqk09t_E\" width=\"560\" height=\"315\" frameborder=\"0\" allowfullscreen=\"allowfullscreen\"><\/iframe><\/p>\n<h1 style=\"text-align: center;\"><\/h1>\n<h1 style=\"text-align: center;\"><a href=\"https:\/\/blogs.law.columbia.edu\/utopia1313\/frederic-bosquet\/\">Frederic Bosquet<\/a>, <a href=\"https:\/\/blogs.law.columbia.edu\/utopia1313\/francoise-gollain\/\">Fr<\/a><a href=\"https:\/\/blogs.law.columbia.edu\/utopia1313\/francoise-gollain\/\">an\u00e7oise<\/a><a href=\"https:\/\/blogs.law.columbia.edu\/utopia1313\/francoise-gollain\/\"> Gollain<\/a>, <a href=\"https:\/\/blogs.law.columbia.edu\/utopia1313\/telemaque-masson\/\">T\u00e9l\u00e9maque Masson-R\u00e9cipon<\/a>, <a href=\"https:\/\/blogs.law.columbia.edu\/utopia1313\/alex-robin\/\">Alex Robin<\/a>, <a href=\"https:\/\/blogs.law.columbia.edu\/utopia1313\/clara-ruault\/\">Clara Ruault<\/a>, and <a href=\"https:\/\/blogs.law.columbia.edu\/utopia1313\/bernard-e-harcourt-host\/\">Bernard<\/a><a href=\"https:\/\/blogs.law.columbia.edu\/utopia1313\/bernard-e-harcourt-host\/\"> E.<\/a><a href=\"https:\/\/blogs.law.columbia.edu\/utopia1313\/bernard-e-harcourt-host\/\"> Harcourt<\/a><\/h1>\n<h2 style=\"text-align: center;\">discuss the history and theory of the &#8220;Degrowth&#8221; and political ecology movements, the life and work of Andr\u00e9 Gorz, and the praxis of degrowth<\/h2>\n<h1 style=\"text-align: center;\">with representatives from the <a href=\"https:\/\/www.prolongomaif.ch\">Longo Ma\u00ef<\/a> and <a href=\"https:\/\/www.tera.coop\">TERA<\/a> eco cooperatives<\/h1>\n<h1 style=\"text-align: center;\">at the <a href=\"https:\/\/librairie-utopia.org\/\">Librairie Utopia<\/a>, part of the <a href=\"https:\/\/mouvementutopia.org\/site\/\">Mouvement Utopia<\/a>, in Paris, France<\/h1>\n<h2 style=\"text-align: center;\">Wednesday, November 9, 2022<\/h2>\n<p>&nbsp;<\/p>\n<p style=\"font-weight: 400;\">Andr\u00e9 Gorz first used the term \u201cd\u00e9croissance\u201d (degrowth) in 1972 as a hypothesis in an international conference he had organized in Paris, and it sowed an idea. It was picked up in 2004 (not long before Gorz\u2019s death in 2007) by the main movement of anti-advertising and anti-consumerism campaigners in France, as a \u201cpunch word\u201d (<em>un mot coup-de-poing<\/em>) title for their activist newspaper. From there it quickly became a polarizing slogan and the name of a large and diverse movement, many of whose members recognize Gorz as an intellectual forebearer. One point of agreement within the movement is denouncing the fetishization of GDP growth by the vast majority of governments and economists, be they neoclassical or socialist, because it does not constitute a valid measure of welfare and often occludes detrimental costs to society.<\/p>\n<p style=\"font-weight: 400;\">A number of political philosophers and heterodox economists developed theories and strategies of degrowth, or \u201canti-growth,\u201d or \u201csteady-state economics,\u201d putting forth concepts such as that of prosperity without growth, \u201c<em>sobri\u00e9t\u00e9 heureuse<\/em>\u201d (blissfull sobriety) or <em>Buen Vivir<\/em>. These include economists following in the footsteps of Schumpeter\u2019s prot\u00e9g\u00e9 Nicholas Georgescu-Roegen in the United States, as well as thinkers like Baptiste Mylondo and Serge Latouche in France, Giorgios Kallis in Greece, or Christian Kerschner in Austria. In a recent manifesto titled <em>Degrowth<\/em>, Kallis explains that it is possible to vastly shrink consumption and resource depletion on Earth without having to sacrifice well-being: \u201cIt is possible to have meaningful employment and secure well-being with much less through-put and output than is found in wealthy countries today,\u201d Kallis writes.<\/p>\n<p style=\"font-weight: 400;\">The degrowth movement emphasizes the need for radical redistribution of resources and a shift in values. The problems they identify include both the excessive use of resources and their unjust distribution. Some of the strategies range from UBI to forms of cooperative work and living, to ZADs and squats, and other forms of political disobedience.<\/p>\n<p style=\"font-weight: 400;\">To explore these ideas and praxis, we are delighted to welcome to Utopia 4\/13, at the <a href=\"https:\/\/librairie-utopia.org\/\">Librairie Utopia<\/a> in the fifth arrondissement of Paris a brilliant panel of thinkers and actors: Fran\u00e7oise Gollain , the foremost expert scholar of Andr\u00e9 Gorz\u2019s intellectual writings, author of his reference intellectual biography <em>Andr\u00e9 Gorz, une philosophie de l\u2019\u00e9mancipation<\/em>(L\u2019Harmattan, 2018), as well as of an excellent short general introduction to his theories <em>Andr\u00e9 Gorz pour une pens\u00e9e de l\u2019\u00e9cosocialisme<\/em> (Le Passager Clandestin, 2014); Clara Ruault, another brilliant scholar of Gorz\u2019s thought, who edited the volume on Gorz-Marcuse and joins us from Columbia University; Frederic Bosquet, one of the main instigators and cooperators of the <a href=\"https:\/\/www.tera.coop\">TERA eco-village project<\/a>, with a long career in Social and Solidarity Economy, managing cooperatives and participating in different ways to the transition our societies to more sustainable and just ways of functioning; Alex Robin, a member of the <a href=\"https:\/\/www.prolongomaif.ch\">Longo Ma\u00ef<\/a> cooperatives since 1974 and the founder of <a href=\"http:\/\/www.radiozinzine.org\">Radio Zinzine<\/a>, a non-commercial, self governed, anarchist radio station in France; and <a href=\"https:\/\/ehess.academia.edu\/T\u00e9l\u00e9maqueMassonR\u00e9cipon\">T\u00e9l\u00e9maque Masson-R\u00e9cipon<\/a>, a doctoral student at the EHESS and militant-organizer around UBI.<\/p>\n<p style=\"font-weight: 400;\">With Fredric and Alex as our guides, we will be focusing a spotlight on the <a href=\"https:\/\/www.prolongomaif.ch\">Longo Ma\u00ef<\/a> and <a href=\"https:\/\/www.tera.coop\">TERA<\/a> eco-cooperatives to explore with them their concrete utopias.<\/p>\n<p style=\"font-weight: 400;\">The <a href=\"https:\/\/librairie-utopia.org\/\">Librairie Utopia<\/a> on the Left Bank in Paris was created by the <a href=\"https:\/\/mouvementutopia.org\/site\/\">Utopia movement<\/a>, which is a popular education movement. The library is a \u201clibrairie associative,\u201d that is mainly volunteer run and staffed, and the Utopia movement organizes a yearly gathering that they call the \u201cUtopia summer university\u201d over the course of 2 or 3 days (the term \u201cuniversity\u201d here is meant to mean something very different than a conventional university, more like the gatherings that French political parties have at the end of summer).<\/p>\n<p><span style=\"font-weight: 400;\">Welcome to Utopia 4\/13!\u00a0\u00a0<\/span><\/p>\n<p style=\"text-align: center;\">~~~<\/p>\n<h2 style=\"text-align: center;\">Reading as well<\/h2>\n<h2 style=\"text-align: center;\"><em>La d\u00e9croissance, une id\u00e9e pour demain<\/em> and <i>Utopies locales. Les solutions \u00e9cologiques et solidaires de demain <\/i>by Timoth\u00e9e Duverger<\/h2>\n<p>&nbsp;<\/p>\n","protected":false},"excerpt":{"rendered":"<p>Frederic Bosquet, Fran\u00e7oise Gollain, T\u00e9l\u00e9maque Masson-R\u00e9cipon, Alex Robin, Clara Ruault, and Bernard E. Harcourt discuss the history and theory of the &#8220;Degrowth&#8221; and political ecology movements, the life and work of Andr\u00e9 Gorz, and the praxis of degrowth with representatives&hellip; <a href=\"https:\/\/blogs.law.columbia.edu\/utopia1313\/4-13\/\" class=\"more-link\">Continue Reading <span class=\"meta-nav\">&rarr;<\/span><\/a><\/p>\n","protected":false},"author":1603,"featured_media":0,"parent":0,"menu_order":0,"comment_status":"closed","ping_status":"closed","template":"","meta":{"_monsterinsights_skip_tracking":false,"_monsterinsights_sitenote_active":false,"_monsterinsights_sitenote_note":"","_monsterinsights_sitenote_category":0,"footnotes":""},"class_list":["post-1156","page","type-page","status-publish","hentry"],"post_mailing_queue_ids":[],"_links":{"self":[{"href":"https:\/\/blogs.law.columbia.edu\/utopia1313\/wp-json\/wp\/v2\/pages\/1156","targetHints":{"allow":["GET"]}}],"collection":[{"href":"https:\/\/blogs.law.columbia.edu\/utopia1313\/wp-json\/wp\/v2\/pages"}],"about":[{"href":"https:\/\/blogs.law.columbia.edu\/utopia1313\/wp-json\/wp\/v2\/types\/page"}],"author":[{"embeddable":true,"href":"https:\/\/blogs.law.columbia.edu\/utopia1313\/wp-json\/wp\/v2\/users\/1603"}],"replies":[{"embeddable":true,"href":"https:\/\/blogs.law.columbia.edu\/utopia1313\/wp-json\/wp\/v2\/comments?post=1156"}],"version-history":[{"count":0,"href":"https:\/\/blogs.law.columbia.edu\/utopia1313\/wp-json\/wp\/v2\/pages\/1156\/revisions"}],"wp:attachment":[{"href":"https:\/\/blogs.law.columbia.edu\/utopia1313\/wp-json\/wp\/v2\/media?parent=1156"}],"curies":[{"name":"wp","href":"https:\/\/api.w.org\/{rel}","templated":true}]}}