{"id":36,"date":"2016-05-20T19:52:47","date_gmt":"2016-05-20T23:52:47","guid":{"rendered":"http:\/\/blogs.law.columbia.edu\/uprising1313\/?page_id=36"},"modified":"2018-01-07T05:33:49","modified_gmt":"2018-01-07T10:33:49","slug":"7-13","status":"publish","type":"page","link":"https:\/\/blogs.law.columbia.edu\/uprising1313\/7-13\/","title":{"rendered":"7\/13 | Disobedience"},"content":{"rendered":"<h2 style=\"text-align: center;\">January 9, 2018 (daylong conference at Reid Hall in Paris)<\/h2>\n<h2 style=\"text-align: center;\">&#8212;<\/h2>\n<h1 style=\"text-align: center;\">10h &#8211;\u00a0Bernard E. Harcourt &amp; Daniele Lorenzini<\/h1>\n<h2 style=\"text-align: center;\"><em>Introduction<\/em><\/h2>\n<h1 style=\"text-align: center;\">10h10 &#8211; Aur\u00e9lie Vialette (<a href=\"https:\/\/www.stonybrook.edu\/commcms\/hispanic\/people\/vialette.html\">Stony Brook University<\/a>)<\/h1>\n<h2 style=\"text-align: center;\"><em>Disobedience and the Dangers of Nationalism: A Perspective from the Pro-Independence Left in Catalonia<\/em><\/h2>\n<h1 style=\"text-align: center;\">10h30 &#8211;\u00a0Reinhold Martin (<a href=\"https:\/\/www.arch.columbia.edu\/faculty\/17-reinhold-martin\">Columbia University<\/a>)<\/h1>\n<h2 style=\"text-align: center;\"><em>Occupy Thoreau: Obedience and Disobedience from Walden to Wall Street<\/em><\/h2>\n<h2 style=\"text-align: center;\"><\/h2>\n<h1 style=\"text-align: center;\">10h50 &#8211; Daniele Lorenzini (<a href=\"https:\/\/www.centreprospero.be\/team\/lorenzini-daniele\/\">Universit\u00e9 Saint-Louis Bruxelles<\/a>\/<a href=\"https:\/\/www.law.columbia.edu\/contemporary-critical-thought\/about-us\/fellows\">CCCCT<\/a>)<\/h1>\n<h2 style=\"text-align: center;\"><em>\u00c9thiques de la d\u00e9sob\u00e9issance, de Thoreau \u00e0 Rawls et Arendt<\/em><\/h2>\n<h2 style=\"text-align: center;\">11h10 &#8211; Discussion<\/h2>\n<h2 style=\"text-align: center;\">&#8212;<\/h2>\n<h1 style=\"text-align: center;\">14h30 &#8211; Fr\u00e9d\u00e9ric Gros (<a href=\"https:\/\/www.cevipof.com\/fr\/l-equipe\/les-chercheurs\/chercheurs\/bdd\/equipe\/214\">Sciences Po Paris<\/a>)<\/h1>\n<h2 style=\"text-align: center;\"><em>D\u00e9s\/ob\u00e9ir<\/em><\/h2>\n<h1 style=\"text-align: center;\">14h50 &#8211; Sandra Laugier (<a href=\"https:\/\/www.univ-paris1.fr\/recherche\/page-perso\/page\/?tx_oxcspagepersonnel_pi1[uid]=slaugier&amp;cHash=c24f7faf85fb5a951e881e2d9635a0cf\">Universit\u00e9 Paris I<\/a>)<\/h1>\n<h2 style=\"text-align: center;\"><em>Le nouvel \u00e2ge de la d\u00e9sob\u00e9issance civile<\/em><\/h2>\n<h1 style=\"text-align: center;\">15h10 &#8211; Bernard E. Harcourt (<a href=\"https:\/\/cgt.columbia.edu\/about\/people\/committee-faculty\/bernard-e-harcourt\/\">Columbia University<\/a>\/<a href=\"https:\/\/www.ehess.fr\/fr\/personne\/bernard-harcourt\">EHESS<\/a>)<\/h1>\n<h2 style=\"text-align: center;\"><em>Unbundling Civil Disobedience<\/em><\/h2>\n<h2 style=\"text-align: center;\">15h30 &#8211; Discussion<\/h2>\n<h2 style=\"text-align: center;\"><\/h2>\n<p style=\"text-align: center;\"><a href=\"https:\/\/blogs.law.columbia.edu\/uprising1313\/img_3017\/\"><img loading=\"lazy\" decoding=\"async\" class=\"alignnone wp-image-1699\" src=\"https:\/\/blogs.law.columbia.edu\/uprising1313\/files\/2017\/07\/IMG_3017-300x200.jpg\" alt=\"\" width=\"443\" height=\"295\" srcset=\"https:\/\/blogs.law.columbia.edu\/uprising1313\/files\/2017\/07\/IMG_3017-300x200.jpg 300w, https:\/\/blogs.law.columbia.edu\/uprising1313\/files\/2017\/07\/IMG_3017-768x511.jpg 768w, https:\/\/blogs.law.columbia.edu\/uprising1313\/files\/2017\/07\/IMG_3017-1024x681.jpg 1024w\" sizes=\"auto, (max-width: 443px) 100vw, 443px\" \/><\/a><\/p>\n<h4 style=\"text-align: center;\">Photo by Jes\u00fas R. Velasco<\/h4>\n<h2 style=\"text-align: center;\">January 9, 2018 (daylong conference)<\/h2>\n<h2 style=\"text-align: center;\"><a href=\"https:\/\/globalcenters.columbia.edu\/paris\/content\/contact\">Columbia Global Center | Paris<\/a><\/h2>\n<h2 style=\"text-align: center;\">4 rue de Chevreuse, 75006 Paris<\/h2>\n","protected":false},"excerpt":{"rendered":"<p>January 9, 2018 (daylong conference at Reid Hall in Paris) &#8212; 10h &#8211;\u00a0Bernard E. Harcourt &amp; Daniele Lorenzini Introduction 10h10 &#8211; Aur\u00e9lie Vialette (Stony Brook University) Disobedience and the Dangers of Nationalism: A Perspective from the Pro-Independence Left in Catalonia&hellip; <a href=\"https:\/\/blogs.law.columbia.edu\/uprising1313\/7-13\/\" class=\"more-link\">Continue Reading <span class=\"meta-nav\">&rarr;<\/span><\/a><\/p>\n","protected":false},"author":1603,"featured_media":0,"parent":0,"menu_order":0,"comment_status":"closed","ping_status":"closed","template":"","meta":{"_monsterinsights_skip_tracking":false,"_monsterinsights_sitenote_active":false,"_monsterinsights_sitenote_note":"","_monsterinsights_sitenote_category":0,"footnotes":""},"class_list":["post-36","page","type-page","status-publish","hentry"],"_links":{"self":[{"href":"https:\/\/blogs.law.columbia.edu\/uprising1313\/wp-json\/wp\/v2\/pages\/36","targetHints":{"allow":["GET"]}}],"collection":[{"href":"https:\/\/blogs.law.columbia.edu\/uprising1313\/wp-json\/wp\/v2\/pages"}],"about":[{"href":"https:\/\/blogs.law.columbia.edu\/uprising1313\/wp-json\/wp\/v2\/types\/page"}],"author":[{"embeddable":true,"href":"https:\/\/blogs.law.columbia.edu\/uprising1313\/wp-json\/wp\/v2\/users\/1603"}],"replies":[{"embeddable":true,"href":"https:\/\/blogs.law.columbia.edu\/uprising1313\/wp-json\/wp\/v2\/comments?post=36"}],"version-history":[{"count":0,"href":"https:\/\/blogs.law.columbia.edu\/uprising1313\/wp-json\/wp\/v2\/pages\/36\/revisions"}],"wp:attachment":[{"href":"https:\/\/blogs.law.columbia.edu\/uprising1313\/wp-json\/wp\/v2\/media?parent=36"}],"curies":[{"name":"wp","href":"https:\/\/api.w.org\/{rel}","templated":true}]}}