{"id":1150,"date":"2021-09-03T18:17:10","date_gmt":"2021-09-03T22:17:10","guid":{"rendered":"http:\/\/blogs.law.columbia.edu\/revolution1313\/?page_id=1150"},"modified":"2021-10-14T10:06:40","modified_gmt":"2021-10-14T14:06:40","slug":"1-13","status":"publish","type":"page","link":"https:\/\/blogs.law.columbia.edu\/revolution1313\/1-13\/","title":{"rendered":"1\/13 The Congresses of Black Writers and Artists (1956 and 1959) and the Bandung Conference (1955)"},"content":{"rendered":"<p style=\"text-align: center;\"><iframe loading=\"lazy\" title=\"YouTube video player\" src=\"https:\/\/www.youtube.com\/embed\/RdRi-CO76c8\" width=\"560\" height=\"315\" frameborder=\"0\" allowfullscreen=\"allowfullscreen\"><\/iframe><\/p>\n<h1 style=\"text-align: center;\"><a href=\"https:\/\/blogs.law.columbia.edu\/revolution1313\/biodun-jeyifo\/\">Biodun Jeyifo<\/a> and <a href=\"https:\/\/blogs.law.columbia.edu\/revolution1313\/bernard-e-harcourt-host\/\">Bernard E. Harcourt<\/a><\/h1>\n<h2 style=\"text-align: center;\">read and discuss<\/h2>\n<h1 style=\"text-align: center;\">writings from the <a href=\"https:\/\/blogs.law.columbia.edu\/revolution1313\/revolution-1-13-readings\/\">Paris, Rome, and Bandung Conferences<\/a><\/h1>\n<h3 style=\"text-align: center;\">including\u00a0\u201c<a href=\"https:\/\/www.amherst.edu\/system\/files\/media\/0239\/James_Baldwin__Princes_and_Powers.pdf\">Princes and Powers<\/a>\u201d by James Baldwin;\u00a0\u201c<a href=\"https:\/\/blogs.law.columbia.edu\/revolution1313\/files\/2021\/09\/Fanon_Frantz_Toward_the_African_Revolution_1967.pdf\">Racism and Culture<\/a>\u201d and\u00a0\u201c<a href=\"https:\/\/blogs.law.columbia.edu\/revolution1313\/files\/2021\/09\/Fanon_Frantz_The_Wretched_of_the_Earth_1963_Excerpt.pdf\">Reciprocal Bases of National Culture and the Fight for Freedom<\/a>\u201d by\u00a0Frantz Fanon;\u00a0\u00a0\u201c<a href=\"https:\/\/blogs.law.columbia.edu\/revolution1313\/files\/2021\/09\/Inside-and-Outside-the-Whale.pdf\">Inside and Outside the Whale, \u2018Bandung\u2019, \u2018Rwanda\u2019, Postcolonial Studies<\/a>\u201d and\u00a0\u201c<a href=\"https:\/\/blogs.law.columbia.edu\/revolution1313\/files\/2021\/09\/In-the-wake-of-colonialism-and-modernity_.pdf\">In the Wake of Colonialism and Modernity<\/a>\u201d by Biodun Jeyifo; and &#8220;<a href=\"https:\/\/blogs.law.columbia.edu\/revolution1313\/files\/2021\/09\/Wright-Tradition-and-Industrialization.pdf\">Tradition and Industrialization: The Plight of the Tragic Elite in Africa<\/a>&#8221; by Richard Wright.<\/h3>\n<h1 style=\"text-align: center;\">September 22, 2021<\/h1>\n<h2 style=\"text-align: center;\">Columbia University<\/h2>\n<blockquote><p>&nbsp;<\/p>\n<p>\u201cThe generalized abolition of the colonial system and the definitive and universal eradication of racism\u201d<\/p>\n<p>\u2014 Final Resolutions, Closing Session, First International Congress of Black Writers and Artists, Paris, September 22, 1956.<\/p><\/blockquote>\n<p>Sixty-five years ago to the day, September 22, 1956, the\u00a0First International Congress of Black Writers and Artists adjourned its first gathering on the theme of abolition: the abolition of the colonial system and of racism.\u00a0We start, then, in direct continuity with last year\u2019s <a href=\"https:\/\/blogs.law.columbia.edu\/abolition1313\/\">13\/13 seminar series, Abolition Democracy 13\/13<\/a>. We remain dedicated, perhaps more than ever, to the abolition of the punitive society and to the work of achieving a just society.<\/p>\n<p>With those ambitions clearly in focus, we turn this year to <a href=\"https:\/\/blogs.law.columbia.edu\/revolution1313\/introduction-to-revolution-13-13\/\">the critique and praxis of \u201cworldly philosophers\u201d<\/a>\u2014revolutionary philosophers who collectively contributed to transformative social movements\u2014in order to glean, in conversation with them, ideas and practices on how to revolutionize society. We begin in conversation with <a href=\"https:\/\/blogs.law.columbia.edu\/revolution1313\/biodun-jeyifo\/\">Biodun Jeyifo<\/a>, more specifically in conversation with his thesis about the central importance of the <em>collectivity<\/em> for the production of critique and praxis. We turn first to the remarkable conferences and gatherings at Bandung, Paris, and Rome during the 1950s.<\/p>\n<p>With the First International Congress of Black Writers and Artists, held at the Sorbonne in Paris from September 19 to September 22, 1956, we are face-to-face not just with the writings and works of discrete and particular worldly philosophers\u2014including Aim\u00e9 C\u00e9saire, Frantz Fanon, L\u00e9opold-S\u00e9dar Senghor, Richard Wright\u2026\u2014but, more remarkably, with a conversation, confrontation and contest of their ideas and practices. We are immersed in their debate.<\/p>\n<p>At the first session of <a href=\"https:\/\/blogs.law.columbia.edu\/revolution1313\/\">Revolution 13\/13<\/a>, three questions emerge as central problematics for this year\u2019s public seminar:<\/p>\n<ol>\n<li>First, what, if any, difference is there between the critical philosopher <em>situated in the academy<\/em> and the <em>worldly philosopher\u00a0<\/em>located outside, with regard specifically to their possible contributions to critique and praxis?<\/li>\n<li>Second, if there is indeed a difference, how much of it turns on one\u2019s personal implication in struggle and rebellion?<\/li>\n<li>Third, how much of all this discussion is about praxis as opposed to tactics or strategy? And what, if anything, do these interrogations tell us about the line between praxis, strategy, and tactics?<\/li>\n<\/ol>\n<p>These three questions will guide us in much of our dialogue and debate at Revolution 13\/13!<\/p>\n<p>Welcome to Revolution 1\/13!<\/p>\n<p>&nbsp;<\/p>\n<p>[To continue reading, click on post <a href=\"https:\/\/blogs.law.columbia.edu\/revolution1313\/bernard-e-harcourt-introduction-to-revolution-1-13\/\">here<\/a>]<\/p>\n","protected":false},"excerpt":{"rendered":"<p>Biodun Jeyifo and Bernard E. Harcourt read and discuss writings from the Paris, Rome, and Bandung Conferences including\u00a0\u201cPrinces and Powers\u201d by James Baldwin;\u00a0\u201cRacism and Culture\u201d and\u00a0\u201cReciprocal Bases of National Culture and the Fight for Freedom\u201d by\u00a0Frantz Fanon;\u00a0\u00a0\u201cInside and Outside the&hellip; <a href=\"https:\/\/blogs.law.columbia.edu\/revolution1313\/1-13\/\" class=\"more-link\">Continue Reading <span class=\"meta-nav\">&rarr;<\/span><\/a><\/p>\n","protected":false},"author":1603,"featured_media":0,"parent":0,"menu_order":0,"comment_status":"closed","ping_status":"closed","template":"","meta":{"_monsterinsights_skip_tracking":false,"_monsterinsights_sitenote_active":false,"_monsterinsights_sitenote_note":"","_monsterinsights_sitenote_category":0,"footnotes":""},"class_list":["post-1150","page","type-page","status-publish","hentry"],"_links":{"self":[{"href":"https:\/\/blogs.law.columbia.edu\/revolution1313\/wp-json\/wp\/v2\/pages\/1150","targetHints":{"allow":["GET"]}}],"collection":[{"href":"https:\/\/blogs.law.columbia.edu\/revolution1313\/wp-json\/wp\/v2\/pages"}],"about":[{"href":"https:\/\/blogs.law.columbia.edu\/revolution1313\/wp-json\/wp\/v2\/types\/page"}],"author":[{"embeddable":true,"href":"https:\/\/blogs.law.columbia.edu\/revolution1313\/wp-json\/wp\/v2\/users\/1603"}],"replies":[{"embeddable":true,"href":"https:\/\/blogs.law.columbia.edu\/revolution1313\/wp-json\/wp\/v2\/comments?post=1150"}],"version-history":[{"count":0,"href":"https:\/\/blogs.law.columbia.edu\/revolution1313\/wp-json\/wp\/v2\/pages\/1150\/revisions"}],"wp:attachment":[{"href":"https:\/\/blogs.law.columbia.edu\/revolution1313\/wp-json\/wp\/v2\/media?parent=1150"}],"curies":[{"name":"wp","href":"https:\/\/api.w.org\/{rel}","templated":true}]}}