{"id":661,"date":"2016-09-13T15:49:29","date_gmt":"2016-09-13T19:49:29","guid":{"rendered":"http:\/\/blogs.law.columbia.edu\/nietzsche1313\/?page_id=661"},"modified":"2017-03-08T16:32:14","modified_gmt":"2017-03-08T21:32:14","slug":"paris-seminars","status":"publish","type":"page","link":"https:\/\/blogs.law.columbia.edu\/nietzsche1313\/paris-seminars\/","title":{"rendered":"Paris Seminars"},"content":{"rendered":"<p>&nbsp;<\/p>\n<p style=\"text-align: center;\"><a href=\"https:\/\/blogs.law.columbia.edu\/nietzsche1313\/nietzsche-1313-home-page\/neitsche-grid-hi-res\/#main\" rel=\"attachment wp-att-414\"><img loading=\"lazy\" decoding=\"async\" class=\"alignnone size-medium wp-image-414\" src=\"https:\/\/blogs.law.columbia.edu\/nietzsche1313\/files\/2016\/05\/neitsche-grid-hi-res-300x202.jpg\" alt=\"neitsche grid hi-res\" width=\"300\" height=\"202\" srcset=\"https:\/\/blogs.law.columbia.edu\/nietzsche1313\/files\/2016\/05\/neitsche-grid-hi-res-300x202.jpg 300w, https:\/\/blogs.law.columbia.edu\/nietzsche1313\/files\/2016\/05\/neitsche-grid-hi-res-768x518.jpg 768w, https:\/\/blogs.law.columbia.edu\/nietzsche1313\/files\/2016\/05\/neitsche-grid-hi-res-1024x690.jpg 1024w\" sizes=\"auto, (max-width: 300px) 100vw, 300px\" \/><\/a><\/p>\n<h2 style=\"text-align: center;\">The\u00a0Paris Reading Group<\/h2>\n<h2 style=\"text-align: center;\">Fall\/Spring 2016-2017<\/h2>\n<p>&nbsp;<\/p>\n<p style=\"text-align: center;\">Prof. <strong>Florent Jakob<\/strong>* &amp; Prof. <strong>Daniele Lorenzini<\/strong>**<\/p>\n<p>&nbsp;<\/p>\n<p>The purpose of this reading group, which runs parallel to the New York seminar led by Columbia University Professors Bernard Harcourt and Jes\u00fas Velasco on the Columbia campus, is to explore the influence of Friedrich Nietzsche\u2019s work on a number of philosophers and critical thinkers in the twentieth century, thus trying to \u201cmap\u201d the tradition of contemporary critical thought that has emerged and is still developing in the wake of Nietzsche. Each of the 13 sessions of the reading group will be devoted to the discussion of an excerpt of one of Nietzsche\u2019s text put in dialogue with an excerpt of a text or texts written by one of Nietzsche\u2019s readers: Martin Heidegger, Georges Bataille, Maurice Blanchot, Gilles Deleuze, Hannah Arendt, Aim\u00e9 C\u00e9saire, Sarah Kofman, Frantz Fanon, Michel Foucault, Luce Irigaray, Jacques Derrida, H\u00e9l\u00e8ne Cixous, and Ali Shariati.<\/p>\n<p>&nbsp;<\/p>\n<p>Here is the reading group schedule for the first and second semester:<\/p>\n<p>&nbsp;<\/p>\n<p style=\"text-align: center;\"><strong>Martin Heidegger<\/strong> (Oct. 5, 2016, 5-7pm)<\/p>\n<p style=\"text-align: center;\"><strong>Georges Bataille<\/strong> (Oct. 26, 2016, 5-7pm)<\/p>\n<p style=\"text-align: center;\"><strong>Maurice Blanchot<\/strong> (Nov. 2, 2016, 5-7pm)<\/p>\n<p style=\"text-align: center;\"><strong>Hannah Arendt<\/strong> (Nov. 16, 2016, 5-7pm)<\/p>\n<p style=\"text-align: center;\"><strong>Gilles Deleuze<\/strong> (Nov. 30, 2016, 5-7pm)<\/p>\n<p style=\"text-align: center;\"><strong>Aim\u00e9 C\u00e9saire<\/strong> (Dec. 15, 2016, 6-8:30pm) \u2013 joint session with the New York seminar<\/p>\n<p style=\"text-align: center;\"><strong>Sarah Kofman<\/strong> (Jan. 5, 2017, 10am-5pm) \u2013 one-day conference<\/p>\n<p style=\"text-align: center;\"><strong>Aim\u00e9 C\u00e9saire &amp; Sarah Kofman<\/strong>\u00a0(Jan. 18, 2017, 5-7pm)<\/p>\n<p style=\"text-align: center;\"><strong>Frantz Fanon<\/strong>\u00a0(Feb. 1, 2017, 5-7pm)<\/p>\n<p style=\"text-align: center;\"><strong>Michel Foucault<\/strong>\u00a0(Feb. 22, 2017, 5-7pm)<\/p>\n<p style=\"text-align: center;\"><strong>Luce Irigaray<\/strong>\u00a0(Mar. 8, 2017, 5-7pm)<\/p>\n<p style=\"text-align: center;\"><strong>Jacques Derrida<\/strong>\u00a0(Mar. 29, 2017, 5-7pm)<\/p>\n<p style=\"text-align: center;\"><strong>H\u00e9l\u00e8ne Cixous<\/strong>\u00a0&amp; <strong>Ali Shariati\u00a0<\/strong>(Apr. 19, 2017, 5-7pm)<\/p>\n<p style=\"text-align: center;\"><strong>Conclusion<\/strong>\u00a0(May\u00a03, 2017, 5-7pm)<\/p>\n<p>&nbsp;<\/p>\n<p>The Paris reading group will be led by Florent Jakob, Daniele Lorenzini, Christine Valero, and Loren Wolfe. The sessions will be held at Columbia Global Centers | Paris,\u00a04 rue de Chevreuse, 75006 Paris (metro line 4 Vavin or RER B Port-Royal).<\/p>\n<p>&nbsp;<\/p>\n<p>The reading group is open to everyone. Please inform us\u00a0by sending an email explaining your interest to Loren Wolfe at &lt;lw2505@columbia.edu&gt; and do bring your ID.<\/p>\n<p>&nbsp;<\/p>\n<h2 style=\"text-align: center;\">Welcome to the Nietzsche 13\/13 Paris Reading Group!<\/h2>\n<p>&nbsp;<\/p>\n<hr \/>\n<p><strong>*Florent Jakob<\/strong>, <em>agr\u00e9g\u00e9<\/em>, received a PhD in Philosophy from Paris 10 with a thesis entitled <em>The Death of God and the Being of Language<\/em> (<em>La Mort de Dieu et l\u2019\u00eatre du langage<\/em>, 2010). His work focuses on German philosophy\u00a0and, more specifically, on Nietzsche and Benjamin. He has published several articles including: \u201cTrancher sur la forme ou se laisser fasciner par une seule image: l\u2019intentionnalit\u00e9 comme voie d\u2019acc\u00e8s \u00e0 l\u2019esth\u00e9tique\u201d (<em>La Part de l\u2019\u0153il<\/em>, n\u00b0 27-28, 2013) and \u201cNietzsche, a \u2018Lofty\u2019 Sign when Putting Power into Question\u201d (<em>Journal of the British Society for Phenomenology<\/em>, Volume 43, no. 1, 2012).\u00a0He teaches classes and seminars in several French institutions, notably le Coll\u00e8ge International de Philosophie, Paris II, and the University of Lorraine. For the last several years, he has been a faculty member in the undergraduate and masters programs for Columbia University in Paris.<\/p>\n<p>&nbsp;<\/p>\n<p><strong>**Daniele Lorenzini<\/strong> is currently a Postdoctoral Research Fellow at the Institut des Sciences Juridique et Philosophique de la Sorbonne (University of Paris 1\/CNRS) and at the Columbia Center for Contemporary Critical Thought, <em>attach\u00e9<\/em> to the Columbia Global Centers\u2013Paris. He holds a PhD in Philosophy from the University of Paris-Est and La Sapienza University of Rome. Post-Kantian European philosophy constitutes the center of gravity of his work, but he possesses secondary areas of scholarly and teaching expertise in political philosophy, moral philosophy, ordinary language philosophy, ancient philosophy, medical ethics, bioethics, and the history of human rights.\u00a0He is the author, most recently, of\u00a0<a href=\"https:\/\/www.vrin.fr\/book.php?code=9782711626649\"><em>\u00c9thique et politique de soi: Foucault, Hadot, Cavell et les techniques de l\u2019ordinaire<\/em><\/a>\u00a0(Vrin, 2015).<\/p>\n","protected":false},"excerpt":{"rendered":"<p>&nbsp; The\u00a0Paris Reading Group Fall\/Spring 2016-2017 &nbsp; Prof. Florent Jakob* &amp; Prof. Daniele Lorenzini** &nbsp; The purpose of this reading group, which runs parallel to the New York seminar led by Columbia University Professors Bernard Harcourt and Jes\u00fas Velasco on&hellip; <a href=\"https:\/\/blogs.law.columbia.edu\/nietzsche1313\/paris-seminars\/\" class=\"more-link\">Continue Reading <span class=\"meta-nav\">&rarr;<\/span><\/a><\/p>\n","protected":false},"author":1603,"featured_media":0,"parent":0,"menu_order":0,"comment_status":"closed","ping_status":"closed","template":"","meta":{"_monsterinsights_skip_tracking":false,"_monsterinsights_sitenote_active":false,"_monsterinsights_sitenote_note":"","_monsterinsights_sitenote_category":0,"footnotes":""},"class_list":["post-661","page","type-page","status-publish","hentry"],"_links":{"self":[{"href":"https:\/\/blogs.law.columbia.edu\/nietzsche1313\/wp-json\/wp\/v2\/pages\/661","targetHints":{"allow":["GET"]}}],"collection":[{"href":"https:\/\/blogs.law.columbia.edu\/nietzsche1313\/wp-json\/wp\/v2\/pages"}],"about":[{"href":"https:\/\/blogs.law.columbia.edu\/nietzsche1313\/wp-json\/wp\/v2\/types\/page"}],"author":[{"embeddable":true,"href":"https:\/\/blogs.law.columbia.edu\/nietzsche1313\/wp-json\/wp\/v2\/users\/1603"}],"replies":[{"embeddable":true,"href":"https:\/\/blogs.law.columbia.edu\/nietzsche1313\/wp-json\/wp\/v2\/comments?post=661"}],"version-history":[{"count":0,"href":"https:\/\/blogs.law.columbia.edu\/nietzsche1313\/wp-json\/wp\/v2\/pages\/661\/revisions"}],"wp:attachment":[{"href":"https:\/\/blogs.law.columbia.edu\/nietzsche1313\/wp-json\/wp\/v2\/media?parent=661"}],"curies":[{"name":"wp","href":"https:\/\/api.w.org\/{rel}","templated":true}]}}