{"id":36,"date":"2016-05-20T19:52:47","date_gmt":"2016-05-20T19:52:47","guid":{"rendered":"http:\/\/blogs.law.columbia.edu\/nietzsche1313\/?page_id=36"},"modified":"2023-06-05T04:17:42","modified_gmt":"2023-06-05T08:17:42","slug":"7-13","status":"publish","type":"page","link":"https:\/\/blogs.law.columbia.edu\/nietzsche1313\/7-13\/","title":{"rendered":"7\/13 | Sarah Kofman"},"content":{"rendered":"<p style=\"text-align: center;\"><iframe loading=\"lazy\" title=\"YouTube video player\" src=\"https:\/\/www.youtube.com\/embed\/TtoePfdZtWY\" width=\"560\" height=\"315\" frameborder=\"0\" allowfullscreen=\"allowfullscreen\"><\/iframe><\/p>\n<h1 style=\"text-align: center;\">Sarah Kofman lectrice de\u00a0Nietzsche<\/h1>\n<h1 style=\"text-align: center;\"><em>Journ\u00e9e d\u2019\u00e9tude<\/em> at the Columbia Global Centers\u2014Paris<\/h1>\n<h2 style=\"text-align: center;\">with <a href=\"https:\/\/www.franceinter.fr\/personnes\/laure-adler\">Laure Adler<\/a>,\u00a0<a href=\"https:\/\/www.umr8547.ens.fr\/spip.php?rubrique48\">Danielle Cohen-Levinas<\/a>, <a href=\"https:\/\/onpeutparfairelemonde.com\/fr\/mathieu-frackowiak\/\">Mathieu Frackowiak<\/a>, <a href=\"https:\/\/cnrs.academia.edu\/genevieveFraisse\">Genevi\u00e8ve Fraisse<\/a>,\u00a0<a href=\"https:\/\/u-pec.academia.edu\/DanieleLorenzini\">Daniele Lorenzini<\/a>,\u00a0<a href=\"https:\/\/legs.cnrs.fr\/spip.php?article184\">Mara Montanaro<\/a>, and\u00a0<a href=\"https:\/\/feministesentousgenres.blogs.nouvelobs.com\/monique-schneider\/\">Monique Schneider<\/a><\/h2>\n<p>The French philosopher, Sarah Kofman (1934-1994), developed new readings of Nietzsche and Freud. A professor at the University of Paris\u2014Sorbonne, Kofman published numerous books on Nietzsche, starting with <em>Nietzsche et la m\u00e9taphore<\/em> (1972),\u00a0followed by <em>Nietzsche et la sc\u00e8ne philosophique<\/em> (1979), <em>Explosion I: De l\u2019<\/em>Ecce Homo<em> de Nietzsche<\/em> (1992), <em>Explosion II: Les enfants de Nietzsche <\/em>(1993), and then, in 1994, her last book, <em>Le m\u00e9pris des Juifs. Nietzsche, les Juifs, l\u2019antis\u00e9mitisme. <\/em>Kofman\u2019s other works, especially her two autobiographical books, <em>Paroles suffoqu\u00e9es<\/em> [<em>Smothered Words<\/em>] (1987) and her penultimate book <em>Rue Orderner, Rue Labat<\/em> (1994), are equally important texts that tell of her harrowing childhood as a Jewish young girl during Nazi occupied France.<\/p>\n<p>This day of study on Sarah Kofman&#8217;s work will focus on the many dimensions of her writings and interventions and readings of Nietzsche, including especially her writings on antisemitism, on women and gender, and on metaphor. We will be focusing on the above mentioned books, but ask participants to read closely <em>Nietzsche and Metaphor<\/em> (1972), a book that is so deeply relevant to us all today\u2014and that raises <em>the<\/em> central question for law and politics, <em>the<\/em> question that has plagued or haunted the judicial practice for centuries: whether law is a scientific endeavor based on conceptual analysis or instead an art form based on metaphors. For more on this question, <a href=\"https:\/\/blogs.law.columbia.edu\/nietzsche1313\/introducing-sarah-kofman-on-metaphor-law-and-politics\/\">read here<\/a>.<\/p>\n<p>Welcome to Nietzsche 7\/13!<\/p>\n<h1 style=\"text-align: center;\"><img loading=\"lazy\" decoding=\"async\" class=\"alignnone size-medium wp-image-553\" src=\"https:\/\/blogs.law.columbia.edu\/nietzsche1313\/files\/2016\/05\/purple-300x225.jpg\" alt=\"purple\" width=\"300\" height=\"225\" srcset=\"https:\/\/blogs.law.columbia.edu\/nietzsche1313\/files\/2016\/05\/purple-300x225.jpg 300w, https:\/\/blogs.law.columbia.edu\/nietzsche1313\/files\/2016\/05\/purple-768x576.jpg 768w, https:\/\/blogs.law.columbia.edu\/nietzsche1313\/files\/2016\/05\/purple-1024x768.jpg 1024w, https:\/\/blogs.law.columbia.edu\/nietzsche1313\/files\/2016\/05\/purple.jpg 1280w\" sizes=\"auto, (max-width: 300px) 100vw, 300px\" \/><\/h1>\n<h1 style=\"text-align: center;\">Program<\/h1>\n<h3 style=\"text-align: center;\"><strong>Welcome<br \/>\n<\/strong><\/h3>\n<p style=\"text-align: center;\">Loren Wolfe (Columbia University) &amp; Christine Valero (Columbia University)<\/p>\n<h3 style=\"text-align: center;\"><strong>Introduction<\/strong><\/h3>\n<p style=\"text-align: center;\">Daniele Lorenzini (Columbia University\/Universit\u00e9 Paris 1)<\/p>\n<h3 style=\"text-align: center;\"><strong>Morning Panel<\/strong><\/h3>\n<p style=\"text-align: center;\">Chair\u00a0: Bernard E. Harcourt (Columbia University)<\/p>\n<p style=\"text-align: center;\">Danielle Cohen-Levinas (Universit\u00e9 Paris-Sorbonne\/Archives Husserl)\u00a0: <em>Du m\u00e9pris au soup\u00e7on. Sarah Kofman lit Nietzsche<\/em><\/p>\n<p style=\"text-align: center;\">Genevi\u00e8ve Fraisse (CNRS)\u00a0: <em>\u00ab\u00a0\u00c0 supposer que la v\u00e9rit\u00e9 soit femme\u00a0\u00bb\u2026<\/em><\/p>\n<p style=\"text-align: center;\">Mara Montanaro (LEGS, Universit\u00e9 Paris 8)\u00a0: <em>La philosophie comme aporie<\/em><\/p>\n<h3 style=\"text-align: center;\"><strong>Afternoon Panel<\/strong><\/h3>\n<p style=\"text-align: center;\">Chair\u00a0: Florent Jakob (Columbia University)<\/p>\n<p style=\"text-align: center;\">Monique Schneider (CNRS)\u00a0: <em>Le chemin interpr\u00e9tatif conduisant aux \u00ab\u00a0entrailles\u00a0\u00bb<\/em><\/p>\n<p style=\"text-align: center;\">Mathieu Frackowiak\u00a0: <em>Figures de la s\u00e9duction<\/em><\/p>\n<p style=\"text-align: center;\">Laure Adler (France Culture) :\u00a0<em>Explosion II<\/em><\/p>\n","protected":false},"excerpt":{"rendered":"<p>Sarah Kofman lectrice de\u00a0Nietzsche Journ\u00e9e d\u2019\u00e9tude at the Columbia Global Centers\u2014Paris with Laure Adler,\u00a0Danielle Cohen-Levinas, Mathieu Frackowiak, Genevi\u00e8ve Fraisse,\u00a0Daniele Lorenzini,\u00a0Mara Montanaro, and\u00a0Monique Schneider The French philosopher, Sarah Kofman (1934-1994), developed new readings of Nietzsche and Freud. A professor at the&hellip; <a href=\"https:\/\/blogs.law.columbia.edu\/nietzsche1313\/7-13\/\" class=\"more-link\">Continue Reading <span class=\"meta-nav\">&rarr;<\/span><\/a><\/p>\n","protected":false},"author":1603,"featured_media":0,"parent":0,"menu_order":0,"comment_status":"closed","ping_status":"closed","template":"","meta":{"_monsterinsights_skip_tracking":false,"_monsterinsights_sitenote_active":false,"_monsterinsights_sitenote_note":"","_monsterinsights_sitenote_category":0,"footnotes":""},"class_list":["post-36","page","type-page","status-publish","hentry"],"_links":{"self":[{"href":"https:\/\/blogs.law.columbia.edu\/nietzsche1313\/wp-json\/wp\/v2\/pages\/36","targetHints":{"allow":["GET"]}}],"collection":[{"href":"https:\/\/blogs.law.columbia.edu\/nietzsche1313\/wp-json\/wp\/v2\/pages"}],"about":[{"href":"https:\/\/blogs.law.columbia.edu\/nietzsche1313\/wp-json\/wp\/v2\/types\/page"}],"author":[{"embeddable":true,"href":"https:\/\/blogs.law.columbia.edu\/nietzsche1313\/wp-json\/wp\/v2\/users\/1603"}],"replies":[{"embeddable":true,"href":"https:\/\/blogs.law.columbia.edu\/nietzsche1313\/wp-json\/wp\/v2\/comments?post=36"}],"version-history":[{"count":0,"href":"https:\/\/blogs.law.columbia.edu\/nietzsche1313\/wp-json\/wp\/v2\/pages\/36\/revisions"}],"wp:attachment":[{"href":"https:\/\/blogs.law.columbia.edu\/nietzsche1313\/wp-json\/wp\/v2\/media?parent=36"}],"curies":[{"name":"wp","href":"https:\/\/api.w.org\/{rel}","templated":true}]}}