{"id":22,"date":"2016-05-20T19:50:33","date_gmt":"2016-05-20T19:50:33","guid":{"rendered":"http:\/\/blogs.law.columbia.edu\/nietzsche1313\/?page_id=22"},"modified":"2017-02-24T15:52:36","modified_gmt":"2017-02-24T20:52:36","slug":"nietzsche-1313-home-page","status":"publish","type":"page","link":"https:\/\/blogs.law.columbia.edu\/nietzsche1313\/","title":{"rendered":"Welcome to Nietzsche 13\/13"},"content":{"rendered":"<h1 style=\"text-align: center;\"><\/h1>\n<p style=\"text-align: center;\"><a href=\"https:\/\/blogs.law.columbia.edu\/nietzsche1313\/nietzsche-1313-home-page\/neitsche-grid-hi-res\/#main\" rel=\"attachment wp-att-414\"><img loading=\"lazy\" decoding=\"async\" class=\"alignnone wp-image-414\" src=\"https:\/\/blogs.law.columbia.edu\/nietzsche1313\/files\/2016\/05\/neitsche-grid-hi-res-300x202.jpg\" alt=\"neitsche grid hi-res\" width=\"422\" height=\"284\" srcset=\"https:\/\/blogs.law.columbia.edu\/nietzsche1313\/files\/2016\/05\/neitsche-grid-hi-res-300x202.jpg 300w, https:\/\/blogs.law.columbia.edu\/nietzsche1313\/files\/2016\/05\/neitsche-grid-hi-res-768x518.jpg 768w, https:\/\/blogs.law.columbia.edu\/nietzsche1313\/files\/2016\/05\/neitsche-grid-hi-res-1024x690.jpg 1024w\" sizes=\"auto, (max-width: 422px) 100vw, 422px\" \/><\/a><\/p>\n<h2 style=\"text-align: center;\"><a href=\"https:\/\/blogs.law.columbia.edu\/nietzsche1313\/bernard-harcourt-introducing-nietzsche-1313\/\">Introducing Nietzsche 13\/13<\/a><\/h2>\n<p style=\"text-align: justify;\"><span style=\"font-weight: 400;\">\u201cWith few exceptions, my company on earth is mostly Nietzsche,\u201d Georges Bataille declared in the opening passages of his book <\/span><i><span style=\"font-weight: 400;\">On Nietzsche, <\/span><\/i><span style=\"font-weight: 400;\">published in 1945\u2014adding a few lines later, \u201cNietzsche is the only one to support me.\u201d Decades later, Michel Foucault would return to Nietzsche in his Rio lectures of 1973 to challenge \u201cthe great Western myth\u201d of the separation of knowledge and power: \u201cThis great myth needs to be dispelled,\u201d Foucault declared. \u201cIt is this myth which Nietzsche began to demolish by showing\u2026 that, behind all knowledge [<\/span><i><span style=\"font-weight: 400;\">savoir<\/span><\/i><span style=\"font-weight: 400;\">], behind all attainment of knowledge [<\/span><i><span style=\"font-weight: 400;\">connaissance<\/span><\/i><span style=\"font-weight: 400;\">], what is involved is a struggle for power. Political power is not absent from knowledge, it is woven together with it.\u201d And a few years later, Luce Irigaray, H\u00e9l\u00e8ne Cixous, and other critical thinkers would engage Nietzsche\u2019s work from a different direction to instigate a new \u201c<\/span><i><span style=\"font-weight: 400;\">\u00e9criture feminine<\/span><\/i><span style=\"font-weight: 400;\">.\u201d<\/span><\/p>\n<p style=\"text-align: justify;\">Friedrich Nietzsche, one of the great masters of suspicion from the nineteenth century, radically challenged the way we think and engage the world. Nietzsche\u2019s writings and thought had a tremendous influence across the disciplines, upending many\u2014especially philosophy, political thought, philology, and critical theory\u2014and significantly marking others, such as law, anthropology, and the humanities. A number of contemporary critical thinkers in the 20th century\u2014Martin Heidegger, Georges Bataille, Maurice Blanchot, Aim\u00e9 C\u00e9saire, L\u00e9opold Senghor, Hannah Arendt, Frantz Fanon, Gilles Deleuze, Michel Foucault, Sarah Kofman, Luce Irigaray, H\u00e9l\u00e8ne Cixous, Jacques Derrida, Ali Shariati, and others\u2014drew inspiration from Nietzsche\u2019s writings and developed a strand of critical theory that has had great influence in disciplines as varied as history, law, philology, and the theory of science. These twentieth century thinkers helped forge a unique Nietzschean strand of contemporary critical thought.<\/p>\n<p style=\"text-align: justify;\">In some disciplines, such as philosophy and political theory, the critical influence of Nietzsche\u2019s thought has been analyzed and explored along many dimensions\u2014epistemological, moral, political, and aesthetic, among others. In other disciplines, though, Nietzsche\u2019s influence has been less well understood and studied. As Peter Goodrich and Mariana Valverde note, in their edited collection <em>Nietzsche and Legal Theory: Half-Written Laws<\/em> (Routledge, 2005), many other scholars have read Nietzsche \u201cnot so well,\u201d \u201crather hurriedly, and through secondhand accounts.\u201d As a result, certain disciplines have missed some of the central critical insights of Nietzsche\u2014including his trenchant critique of \u201cthe timeless transcendent value of natural law theory,\u201d as well as his equally cutting critique of \u201cthe comparably timeless Kantian ideal of freedom.\u201d (Goodrich and Valverde, at 2).<\/p>\n<p style=\"text-align: justify;\">The purpose of this seminar is to explore the rich tradition of contemporary critical thought that has emerged in the wake of Nietzsche. In other words, to explore Nietzschean critical thought in contrast, say, to the Marxian or Freudian traditions.\u00a0Indeed, there is a rich current of contemporary critical thought that has been nourished throughout the twentieth century on the writings and thought of Nietzsche. Most of us are familiar with the critical theory tradition of the Frankfurt School; we are familiar with the psychoanalytic tradition as well. But what of these critical thinkers who engaged with Nietzsche? Surely, they do not constitute a school. Many never belonged to anything, nor wanted to. Many tended toward limit experiences, many towards forms of anarchism, many of them were at the extremes of society and politics. Yet much of their critical thought can be glimpsed today in the interstices of recent social movements, such as the Occupy Wall Street movement or, now, in Paris, \u201cNuitDebout.\u201d There are even, today, eerie resonances in the non-conformity of certain political candidates in the United States and abroad. What should we make of these influential, sometimes eccentric, and surely idiosyncratic critical thinkers? Would it be possible to imagine continuities amongst the differences between them?<\/p>\n<p style=\"text-align: justify;\">The seminar will proceed through a close reading of the writings on or influenced by Nietzsche of \u00a0Heidegger, Bataille, Blanchot, C\u00e9saire, Senghor, Arendt, Fanon, Deleuze, Klossowski, Foucault, Kofman, Derrida, Irigaray, Cixous, Shariati, and others, with the purpose of excavating critical insights across the disciplines and formulating a coherent Nietzschean strand of contemporary critical thought. The seminar will focus on 13 critical thinkers in particular and their surroundings\u2014some of whom drew inspiration, others resisted Nietzsche\u2019s thought, others conversed with yet other thinkers&#8211;including:<\/p>\n<p class=\"normal\" style=\"text-align: center;\" align=\"center\">Martin Heidegger (Sept. 8, 2016)<\/p>\n<p class=\"normal\" style=\"text-align: center;\" align=\"center\">Georges Bataille (Sept. 22, 2016)<\/p>\n<p class=\"normal\" style=\"text-align: center;\" align=\"center\">Maurice Blanchot (Oct. 13, 2016)<\/p>\n<p class=\"normal\" style=\"text-align: center;\" align=\"center\">Gilles Deleuze (Oct. 27, 2016)<\/p>\n<p class=\"normal\" style=\"text-align: center;\" align=\"center\">Hannah Arendt (Nov. 10, 2016)<\/p>\n<p class=\"normal\" style=\"text-align: center;\" align=\"center\">Aim\u00e9 C\u00e9saire (Dec. 15, 2016)<\/p>\n<p class=\"normal\" style=\"text-align: center;\" align=\"center\">Sarah Kofman (Jan. 5, 2017)<\/p>\n<p class=\"normal\" style=\"text-align: center;\" align=\"center\">Frantz Fanon (Jan. 19, 2017)<\/p>\n<p class=\"normal\" style=\"text-align: center;\" align=\"center\">Michel Foucault (Feb. 9, 2017)<\/p>\n<p class=\"normal\" style=\"text-align: center;\" align=\"center\">Luce Irigaray (March 2, 2017)<\/p>\n<p class=\"normal\" style=\"text-align: center;\" align=\"center\">Jacques Derrida (March 23, 2017)<\/p>\n<p class=\"normal\" style=\"text-align: center;\" align=\"center\">H\u00e9l\u00e8ne Cixous (April 13, 2017)<\/p>\n<p class=\"normal\" style=\"text-align: center;\" align=\"center\">Ali Shariati (April 27, 2017)<\/p>\n<p style=\"text-align: justify;\">Each seminar will be lead by two invited scholars, one from outside and the other from within Columbia University, as well as a commentator. Each seminar will follow a similar format, beginning with a short introduction of the readings and guests, followed by two short guest presentations (15-20 minutes max each) and a commentary (10-15 minutes max), and then open discussion with the participants for over an hour. The sessions will begin promptly at 6:15pm and will end promptly at 8:45pm. The format, then, will be as follows:<\/p>\n<p style=\"padding-left: 60px;\">6:15pm \u00a0\u00a0\u00a0\u00a0\u00a0\u00a0\u00a0\u00a0\u00a0\u00a0 Introductions<\/p>\n<p style=\"padding-left: 60px;\">6:25pm\u00a0\u00a0\u00a0\u00a0\u00a0\u00a0\u00a0\u00a0\u00a0\u00a0\u00a0 Presentation by outside guest<\/p>\n<p style=\"padding-left: 60px;\">6:45pm \u00a0\u00a0\u00a0\u00a0\u00a0\u00a0\u00a0\u00a0\u00a0\u00a0 Presentation by Columbia guest<\/p>\n<p style=\"padding-left: 60px;\">7:00pm\u00a0\u00a0\u00a0\u00a0\u00a0\u00a0\u00a0\u00a0\u00a0\u00a0\u00a0 Commentary and questions<\/p>\n<p style=\"padding-left: 60px;\">7:15pm\u00a0\u00a0\u00a0\u00a0\u00a0\u00a0\u00a0\u00a0\u00a0\u00a0\u00a0 Open discussion and comments<\/p>\n<p style=\"padding-left: 60px;\">8:30pm\u00a0\u00a0\u00a0\u00a0\u00a0\u00a0\u00a0\u00a0\u00a0\u00a0\u00a0 Closing remarks of the guests<\/p>\n<p style=\"padding-left: 60px;\">8:45pm\u00a0\u00a0\u00a0\u00a0\u00a0\u00a0\u00a0\u00a0\u00a0\u00a0\u00a0 End of the seminar<\/p>\n<h1 style=\"text-align: center;\">Welcome to Nietzsche 13\/13!<\/h1>\n<h2 style=\"text-align: center;\">A CCCT series continuing <a href=\"https:\/\/blogs.law.columbia.edu\/foucault1313\/\">Foucault 13\/13<\/a><\/h2>\n<p><a href=\"https:\/\/blogs.law.columbia.edu\/nietzsche1313\/nietzsche-1313-home-page\/foucault_1-300x450-200x300\/#main\" rel=\"attachment wp-att-160\"><img loading=\"lazy\" decoding=\"async\" class=\"size-medium wp-image-160 aligncenter\" src=\"https:\/\/blogs.law.columbia.edu\/nietzsche1313\/files\/2016\/05\/foucault_1-300x450-200x300-200x300.jpg\" alt=\"foucault_1-300x450-200x300\" width=\"200\" height=\"300\" \/><\/a><\/p>\n<h4 style=\"text-align: center;\">The seminars will be open to all. If you are interested in attending, please inform us\u00a0by sending an email explaining your interest to Anna Krauthamer at ak4035@columbia.edu.<\/h4>\n<p>&nbsp;<\/p>\n","protected":false},"excerpt":{"rendered":"<p>Introducing Nietzsche 13\/13 \u201cWith few exceptions, my company on earth is mostly Nietzsche,\u201d Georges Bataille declared in the opening passages of his book On Nietzsche, published in 1945\u2014adding a few lines later, \u201cNietzsche is the only one to support me.\u201d&hellip; <a href=\"https:\/\/blogs.law.columbia.edu\/nietzsche1313\/\" class=\"more-link\">Continue Reading <span class=\"meta-nav\">&rarr;<\/span><\/a><\/p>\n","protected":false},"author":1603,"featured_media":0,"parent":0,"menu_order":0,"comment_status":"closed","ping_status":"closed","template":"","meta":{"_monsterinsights_skip_tracking":false,"_monsterinsights_sitenote_active":false,"_monsterinsights_sitenote_note":"","_monsterinsights_sitenote_category":0,"footnotes":""},"class_list":["post-22","page","type-page","status-publish","hentry"],"_links":{"self":[{"href":"https:\/\/blogs.law.columbia.edu\/nietzsche1313\/wp-json\/wp\/v2\/pages\/22","targetHints":{"allow":["GET"]}}],"collection":[{"href":"https:\/\/blogs.law.columbia.edu\/nietzsche1313\/wp-json\/wp\/v2\/pages"}],"about":[{"href":"https:\/\/blogs.law.columbia.edu\/nietzsche1313\/wp-json\/wp\/v2\/types\/page"}],"author":[{"embeddable":true,"href":"https:\/\/blogs.law.columbia.edu\/nietzsche1313\/wp-json\/wp\/v2\/users\/1603"}],"replies":[{"embeddable":true,"href":"https:\/\/blogs.law.columbia.edu\/nietzsche1313\/wp-json\/wp\/v2\/comments?post=22"}],"version-history":[{"count":0,"href":"https:\/\/blogs.law.columbia.edu\/nietzsche1313\/wp-json\/wp\/v2\/pages\/22\/revisions"}],"wp:attachment":[{"href":"https:\/\/blogs.law.columbia.edu\/nietzsche1313\/wp-json\/wp\/v2\/media?parent=22"}],"curies":[{"name":"wp","href":"https:\/\/api.w.org\/{rel}","templated":true}]}}