{"id":873,"date":"2015-10-04T03:32:14","date_gmt":"2015-10-04T03:32:14","guid":{"rendered":"http:\/\/localhost:8888\/?page_id=23"},"modified":"2016-05-10T10:38:33","modified_gmt":"2016-05-10T14:38:33","slug":"about","status":"publish","type":"page","link":"https:\/\/blogs.law.columbia.edu\/foucault1313\/","title":{"rendered":"Michel Foucault\u2019s Coll\u00e8ge de France Lectures"},"content":{"rendered":"<h1 style=\"text-align: center;\">13 Years at the Coll\u00e8ge, 13 Seminars at Columbia<strong><br \/>\n<\/strong><\/h1>\n<p>&nbsp;<\/p>\n<p style=\"text-align: center;\"><a href=\"https:\/\/blogs.law.columbia.edu\/foucault1313\/about\/foucault_1-300x450\/#main\" rel=\"attachment wp-att-1634\"><img loading=\"lazy\" decoding=\"async\" class=\"alignnone size-medium wp-image-1634\" src=\"https:\/\/blogs.law.columbia.edu\/foucault1313\/files\/2015\/10\/foucault_1-300x450-200x300.jpg\" alt=\"foucault_1-300x450\" width=\"200\" height=\"300\" srcset=\"https:\/\/blogs.law.columbia.edu\/foucault1313\/files\/2015\/10\/foucault_1-300x450-200x300.jpg 200w, https:\/\/blogs.law.columbia.edu\/foucault1313\/files\/2015\/10\/foucault_1-300x450.jpg 300w\" sizes=\"auto, (max-width: 200px) 100vw, 200px\" \/><\/a><\/p>\n<h1 style=\"text-align: center;\">Welcome to Foucault 13\/13<\/h1>\n<p style=\"text-align: left;\">Race war, biopolitics, the hermeneutics of the self, governmentality, the examination of one\u2019s conscience, s\u00e9curit\u00e9, the courage of truth, ill\u00e9galismes, juridical forms, governing through truth, the &#8220;punitive society,&#8221; truth-telling, judicial apparatuses of repression, the Nu-pieds rebellions of 1639, parrhesia . . . Michel Foucault\u2019s 13 years of lectures at the Coll\u00e8ge de France (1970-1984) introduced us to new concepts and novel research avenues. For many of us, those avenues have been fertile ground for our own theorization, for others, fertile ground for critique. They represent, as Foucault intended, rich and productive \u201c<em>pistes de recherches<\/em>.\u201d<\/p>\n<p>With the publication of the entire series of lectures at the Coll\u00e8ge de France\u2014the last, <a href=\"https:\/\/youtu.be\/Jmdvrf2_kAM\">Th\u00e9ories et institutions p\u00e9nales<\/a> (1971\u20131972) just released in May 2015\u2014it is now time to read them chronologically: to grasp the overall project of those lectures at the Coll\u00e8ge, to discuss the full trajectory, and to continue to excavate our own \u201cpistes de recherche\u201d building on Foucault\u2019s.<\/p>\n<p>The <a href=\"https:\/\/web.law.columbia.edu\/contemporary-critical-thought\" target=\"_blank\">Columbia Center for Contemporary Critical Thought<\/a> and the <a href=\"https:\/\/societyoffellows.columbia.edu\" target=\"_blank\">Society of Fellows in the Humanities at Columbia University<\/a>, with the support of the <a href=\"https:\/\/www.maisonfrancaise.org\" target=\"_blank\">Maison Fran\u00e7aise<\/a>, the <a href=\"https:\/\/icls.columbia.edu\" target=\"_blank\">Institute for Comparative Literature and Society<\/a>, and the <a href=\"https:\/\/laic.columbia.edu\" target=\"_blank\">Department of Latin American and Iberian Cultures<\/a>, are delighted to offer these 13 seminars on the 13 courses. The seminar series\u2014Foucault 13\/13\u2014extended over the full 2015\u20132016 academic year at Columbia University. The seminar series were\u00a0open to Columbia faculty, fellows, and students, as well as faculty and students from other New York universities.<\/p>\n<p>The seminars\u00a0are now available on-line, including both the full AV recordings of the sessions and the articles published by all the contributors. Please click above on the 1\/13 through 13\/13 tabs to see each individual seminar. \u00a0Welcome to Foucault 13\/13!<\/p>\n<hr \/>\n<p><strong>Reading the Foucault Coll\u00e8ge de France Lectures with:<\/strong><\/p>\n<p>David Armitage, Seyla Benhabib, Rosi Braidotti, Judith Butler, Veena Das, Fran\u00e7ois Ewald, Didier Fassin, James Faubion, Nancy Fraser, Fr\u00e9d\u00e9ric Gros, Daniele Lorenzini, Nancy Luxon, Achille Mbembe, Judith Revel, Pierre Rosanvallon, Ann Stoler, and Linda Zerilli<\/p>\n<p><strong>In conversation with our Columbia University colleagues:<\/strong><\/p>\n<p>Etienne Balibar, Richard Brooks, Partha Chatterjee, Jean Cohen, Souleymane Bachir Diagne, Katherine Franke, Robert Gooding-Williams, Stathis Gourgouris, Axel Honneth, Jeremy Kessler, Lydia Liu, Anna Lvovsky, Sharon Marcus,\u00a0Rosalind Morris,\u00a0Alondra Nelson, John Rajchman, Emmanuelle Saada, Gayatri Chakravorty Spivak, Kendall Thomas, Adam Tooze, and Nadia Urbinati<\/p>\n<p><strong>All seminars moderated by:<\/strong><\/p>\n<p>Bernard E. Harcourt and Jes\u00fas R. Velasco<\/p>\n<hr \/>\n<p>Each seminar was\u00a0led by distinguished scholars from different disciplines. The seminars took\u00a0place on Monday evenings in the fall semester (2015) and Thursday evenings in the spring semester (2016) from 6:15 p.m. to 8:45 p.m. For more details, visit <a href=\"https:\/\/testing.elotroalex.com\/foucault\/schedule\/\">our schedule page<\/a>.<\/p>\n","protected":false},"excerpt":{"rendered":"<p>13 Years at the Coll\u00e8ge, 13 Seminars at Columbia &nbsp; Welcome to Foucault 13\/13 Race war, biopolitics, the hermeneutics of the self, governmentality, the examination of one\u2019s conscience, s\u00e9curit\u00e9, the courage of truth, ill\u00e9galismes, juridical forms, governing through truth, the&hellip; <a href=\"https:\/\/blogs.law.columbia.edu\/foucault1313\/\" class=\"more-link\">Continue Reading <span class=\"meta-nav\">&rarr;<\/span><\/a><\/p>\n","protected":false},"author":1700,"featured_media":0,"parent":0,"menu_order":0,"comment_status":"closed","ping_status":"closed","template":"","meta":{"_monsterinsights_skip_tracking":false,"_monsterinsights_sitenote_active":false,"_monsterinsights_sitenote_note":"","_monsterinsights_sitenote_category":0,"footnotes":""},"class_list":["post-873","page","type-page","status-publish","hentry"],"_links":{"self":[{"href":"https:\/\/blogs.law.columbia.edu\/foucault1313\/wp-json\/wp\/v2\/pages\/873","targetHints":{"allow":["GET"]}}],"collection":[{"href":"https:\/\/blogs.law.columbia.edu\/foucault1313\/wp-json\/wp\/v2\/pages"}],"about":[{"href":"https:\/\/blogs.law.columbia.edu\/foucault1313\/wp-json\/wp\/v2\/types\/page"}],"author":[{"embeddable":true,"href":"https:\/\/blogs.law.columbia.edu\/foucault1313\/wp-json\/wp\/v2\/users\/1700"}],"replies":[{"embeddable":true,"href":"https:\/\/blogs.law.columbia.edu\/foucault1313\/wp-json\/wp\/v2\/comments?post=873"}],"version-history":[{"count":0,"href":"https:\/\/blogs.law.columbia.edu\/foucault1313\/wp-json\/wp\/v2\/pages\/873\/revisions"}],"wp:attachment":[{"href":"https:\/\/blogs.law.columbia.edu\/foucault1313\/wp-json\/wp\/v2\/media?parent=873"}],"curies":[{"name":"wp","href":"https:\/\/api.w.org\/{rel}","templated":true}]}}