{"id":350,"date":"2016-08-05T15:09:42","date_gmt":"2016-08-05T19:09:42","guid":{"rendered":"http:\/\/blogs.law.columbia.edu\/uprising1313\/?page_id=350"},"modified":"2018-09-23T15:12:36","modified_gmt":"2018-09-23T19:12:36","slug":"extra-seminars","status":"publish","type":"page","link":"https:\/\/blogs.law.columbia.edu\/uprising1313\/extra-seminars\/","title":{"rendered":"Extra Seminars"},"content":{"rendered":"<h1 style=\"text-align: center;\">Please read <a href=\"https:\/\/blogs.law.columbia.edu\/uprising1313\/arlette-farge\/\">Arlette Farge<\/a>&#8216;s brilliant essay for Uprising 13\/13 on French riots in the 18th century<\/h1>\n<h1 style=\"text-align: center;\"><a href=\"https:\/\/blogs.law.columbia.edu\/uprising1313\/arlette-farge-emeutes-du-xviiie-siecle\/\">Arlette Farge, &#8220;\u00c9meutes du XIII\u00e8me si\u00e8cle&#8221;<\/a><\/h1>\n<p style=\"text-align: center;\">\u00a0<a href=\"https:\/\/blogs.law.columbia.edu\/uprising1313\/extra-seminars\/arlette-farge-2\/#main\" rel=\"attachment wp-att-3278\"><img loading=\"lazy\" decoding=\"async\" class=\"alignnone size-medium wp-image-3278\" src=\"https:\/\/blogs.law.columbia.edu\/uprising1313\/files\/2018\/09\/Arlette-Farge-300x200.jpg\" alt=\"\" width=\"300\" height=\"200\" srcset=\"https:\/\/blogs.law.columbia.edu\/uprising1313\/files\/2018\/09\/Arlette-Farge-300x200.jpg 300w, https:\/\/blogs.law.columbia.edu\/uprising1313\/files\/2018\/09\/Arlette-Farge.jpg 400w\" sizes=\"auto, (max-width: 300px) 100vw, 300px\" \/><\/a><\/p>\n<h2 style=\"text-align: center;\">[English translation forthcoming]<\/h2>\n<h1 style=\"text-align: center;\">~~~<\/h1>\n<h2 style=\"text-align: center;\">In addition to the Uprising 13\/13 seminars, we are delighted to present several extraordinary workshops and lectures to complement the conversation, open to the public.<\/h2>\n<h2 style=\"text-align: center;\"><\/h2>\n<h1 style=\"text-align: center;\">UPCOMING EXTRA SEMINARS<\/h1>\n<h2 style=\"text-align: center;\">June 6, 2018 at 10am<\/h2>\n<h4 style=\"text-align: center;\">Amphith\u00e9\u00e2tre Fran\u00e7ois Furet, EHESS, Paris<\/h4>\n<h1 style=\"text-align: center;\"><a href=\"https:\/\/blogs.law.columbia.edu\/uprising1313\/la-contrerevolution-journee-detude-du-6-juin-2018\/\">Counterrevolutions<\/a><\/h1>\n<p style=\"text-align: center;\"><a href=\"https:\/\/blogs.law.columbia.edu\/uprising1313\/13-13\/cover-crop\/#main\" rel=\"attachment wp-att-3097\"><img loading=\"lazy\" decoding=\"async\" class=\"alignnone size-medium wp-image-3097\" src=\"https:\/\/blogs.law.columbia.edu\/uprising1313\/files\/2018\/04\/Cover-crop-300x162.jpg\" alt=\"\" width=\"300\" height=\"162\" srcset=\"https:\/\/blogs.law.columbia.edu\/uprising1313\/files\/2018\/04\/Cover-crop-300x162.jpg 300w, https:\/\/blogs.law.columbia.edu\/uprising1313\/files\/2018\/04\/Cover-crop-768x414.jpg 768w, https:\/\/blogs.law.columbia.edu\/uprising1313\/files\/2018\/04\/Cover-crop-1024x552.jpg 1024w, https:\/\/blogs.law.columbia.edu\/uprising1313\/files\/2018\/04\/Cover-crop.jpg 1535w\" sizes=\"auto, (max-width: 300px) 100vw, 300px\" \/><\/a><\/p>\n<h2 style=\"text-align: center;\">Intervenants:<\/h2>\n<h2 style=\"text-align: center;\">Toni Negri<\/h2>\n<h2 style=\"text-align: center;\">Fran\u00e7ois Ewald<\/h2>\n<h2 style=\"text-align: center;\">Arlette Farge, <a href=\"https:\/\/crh.ehess.fr\/index.php?206\">CNRS<\/a><\/h2>\n<h2 style=\"text-align: center;\">Kalinka Alvarez-Courtois,\u00a0<a href=\"https:\/\/french.columbia.edu\/content\/kalinka-alvarez\">Columbia University<\/a><\/h2>\n<h2 style=\"text-align: center;\">Eleanora Bottini, <a href=\"https:\/\/www.pantheonsorbonne.fr\/recherche\/page-perso\/page\/?tx_oxcspagepersonnel_pi1[uid]=ebottini\">Universit\u00e9 Paris 1 Panth\u00e9on-Sorbonne<\/a><\/h2>\n<h2 style=\"text-align: center;\">Sophie Ceillier, EHESS<\/h2>\n<h2 style=\"text-align: center;\">Maxime Gaborit, Sciences Po\/EHESS<\/h2>\n<h2 style=\"text-align: center;\">Bernard E. Harcourt,\u00a0<a href=\"https:\/\/www.law.columbia.edu\/faculty\/bernard-harcourt\">Columbia University\/EHESS<\/a><\/h2>\n<h2 style=\"text-align: center;\">Daniele Lorenzini,\u00a0<a href=\"https:\/\/www.centreprospero.be\/team\/lorenzini-daniele\/\">Universit\u00e9 Saint-Louis \u2013 Bruxelles\/CCCCT<\/a><\/h2>\n<h2 style=\"text-align: center;\">Michael Milov-Cordoba, <a href=\"https:\/\/polisci.columbia.edu\/content\/michael-milov-cordoba\">Columbia University<\/a><\/h2>\n<h2 style=\"text-align: center;\">Pierrette Poncela, <a href=\"https:\/\/cdpc.parisnanterre.fr\/mme-pierrette-poncela--695487.kjsp\">Universit\u00e9 Paris Nanterre<\/a><\/h2>\n<h2 style=\"text-align: center;\">St\u00e9phanie Hennette-Vauchez,<a href=\"https:\/\/www.parisnanterre.fr\/mme-stephanie-hennette-vauchez-hennette--699531.kjsp\">Universit\u00e9 Paris Nanterre<\/a><\/h2>\n<h2 style=\"text-align: center;\">~~~<\/h2>\n<h2 style=\"text-align: center;\">May 23, 2018 at 10am<\/h2>\n<h4 style=\"text-align: center;\">EHESS, Paris<\/h4>\n<h1 style=\"text-align: center;\"><a href=\"https:\/\/blogs.law.columbia.edu\/uprising1313\/mai-68-50-ans-apres-23-mai-2018\/\"><strong>Mai 68, 50 ans apr\u00e8s<\/strong><\/a><\/h1>\n<p style=\"text-align: center;\"><a href=\"https:\/\/blogs.law.columbia.edu\/uprising1313\/mai-68-50-ans-apres-23-mai-2018\/mai-68-2\/#main\" rel=\"attachment wp-att-3156\"><img loading=\"lazy\" decoding=\"async\" class=\"alignnone size-medium wp-image-3156\" src=\"https:\/\/blogs.law.columbia.edu\/uprising1313\/files\/2018\/05\/MAI-68-2-300x125.png\" alt=\"\" width=\"300\" height=\"125\" srcset=\"https:\/\/blogs.law.columbia.edu\/uprising1313\/files\/2018\/05\/MAI-68-2-300x125.png 300w, https:\/\/blogs.law.columbia.edu\/uprising1313\/files\/2018\/05\/MAI-68-2-768x320.png 768w, https:\/\/blogs.law.columbia.edu\/uprising1313\/files\/2018\/05\/MAI-68-2.png 1003w\" sizes=\"auto, (max-width: 300px) 100vw, 300px\" \/><\/a><\/p>\n<h3 style=\"text-align: center;\">Kalinka Alvarez-Courtois, <a href=\"https:\/\/french.columbia.edu\/content\/kalinka-alvarez\">Columbia University<\/a><\/h3>\n<h3 style=\"text-align: center;\">Arlette Farge, <a href=\"https:\/\/crh.ehess.fr\/index.php?206\">CNRS<\/a><\/h3>\n<h3 style=\"text-align: center;\">Guillaume le Blanc, <a href=\"https:\/\/lettres-sh.u-pec.fr\/departements\/philosophie\/equipe-pedagogique\/le-blanc-guillaume-735810.kjsp\">Universit\u00e9 Paris-Est<\/a><\/h3>\n<h3 style=\"text-align: center;\">Judith Revel, <a href=\"https:\/\/dep-philo.parisnanterre.fr\/les-enseignants\/revel-judith-548268.kjsp\">Universit\u00e9 Paris-Nanterre<\/a><\/h3>\n<p style=\"text-align: center;\">~~~<\/p>\n<h1 style=\"text-align: center;\">PAST EXTRA SEMINARS<\/h1>\n<h2 style=\"text-align: center;\">September 22, 2017 at 12:30pm<\/h2>\n<h4 style=\"text-align: center;\">IRWGS Seminar Room<\/h4>\n<h1 style=\"text-align: center;\">The Resistance of Translation: Gender Studies Today<\/h1>\n<h2 style=\"text-align: center;\">Anne Emmanuelle Berger, <a href=\"https:\/\/romancestudies.cornell.edu\/people\/faculty-directory\/anne-emmanuelle-berger\/\">Cornell University<\/a><\/h2>\n<p>From the start, women&#8217;s and gender studies developed along a transatlantic epistemological and geopolitical axis. An interdisciplinary field, they required and fostered difficult conversations between disciplines which had each developed their own conceptual language. They are thus centrally concerned with crossing(s), whether crossing(s) functions as a political goal, a meta-metaphor for the field&#8217;s variegated theoretical endeavor, or as the name of a multi-faceted epistemological problem. This workshop focuses on the problem of translation as a form and act of crossing in the geopolitical context of globalization. It asks whether translation, a neo-humanist practice of transnational exchange premised on the irreducibility of idioms and the hospitality to differences can withstand the homogenizing pull of globalization. And it asks what the collapse of differences might do to an intellectual, political and social field whose very &#8220;raison d&#8217;\u00eatre&#8221; has been and continues to be the excavation of unrecognized or unwanted differences and the promotion of plurality.<\/p>\n<p><img loading=\"lazy\" decoding=\"async\" class=\"alignnone wp-image-2248 aligncenter\" src=\"https:\/\/blogs.law.columbia.edu\/uprising1313\/files\/2016\/08\/resistance2-232x300.png\" alt=\"\" width=\"432\" height=\"558\" srcset=\"https:\/\/blogs.law.columbia.edu\/uprising1313\/files\/2016\/08\/resistance2-232x300.png 232w, https:\/\/blogs.law.columbia.edu\/uprising1313\/files\/2016\/08\/resistance2-768x994.png 768w, https:\/\/blogs.law.columbia.edu\/uprising1313\/files\/2016\/08\/resistance2-791x1024.png 791w\" sizes=\"auto, (max-width: 432px) 100vw, 432px\" \/><\/p>\n<h2 style=\"text-align: center;\">***<\/h2>\n<h1 style=\"text-align: center;\">(Cultural) Revolution, Exile, and Poetry | Luminous Memories: Bei Dao in Conversation with Eliot Weinberger<\/h1>\n<h2 style=\"text-align: center;\">Tuesday, September 26, 2017 at 6:10pm in JGH 104<\/h2>\n<p style=\"text-align: center;\">Bei Dao, widely recognized as the foremost poet of his generation, will engage essayist and translator<br \/>\nEliot Weinberger in a conversation about his newly published book City Gate, Open Up, a lyrical memoir of his childhood and adolescence in Beijing.<\/p>\n<p style=\"text-align: center;\">Seating limited; register <a href=\"https:\/\/www.eventbrite.com\/e\/luminous-memories-bei-dao-in-conversation-with-eliot-weinberger-tickets-37423200801\">here.<\/a><\/p>\n<h2 style=\"text-align: center;\">***<\/h2>\n<h1 style=\"text-align: center;\">Film Screening and Discussion with Claire Fontaine of Jean-Luc Godard&#8217;s\u00a0<i>La Chinoise\u00a0<\/i>(1967)<\/h1>\n<h2 style=\"text-align: center;\">October 4th, 2017 at 6:30pm<\/h2>\n<h2><img loading=\"lazy\" decoding=\"async\" class=\"aligncenter\" src=\"https:\/\/maisonfrancaise.org\/img\/pages\/876\/img\/1.jpg\" width=\"668\" height=\"516\" \/><\/h2>\n<h1><\/h1>\n<h4 style=\"text-align: center;\">MAISON FRAN\u00c7AISE EAST GALLERY, BUELL HALL<\/h4>\n<p style=\"text-align: center;\"><em>Free and open to the public. Subtitles are in English<\/em><\/p>\n<p style=\"text-align: center;\">A group of French students embrace Maoist ideals and try and incite revolution thorugh terrorist violence. When the group eventually plots to assassinate a high-ranking Russian government official visiting Paris, things don&#8217;t go according to plan.<\/p>\n<p style=\"text-align: center;\"><em>This screening is being shown in conjunction with Uprising 13\/13, thirteen sessions exploring different forms or modalities of uprising, organized by Bernard Harcourt and Jes\u00fas Rodriguez-Velasco. For more information on Uprising 13\/13, please click<\/em>\u00a0<a href=\"https:\/\/blogs.law.columbia.edu\/uprising1313\/\" target=\"_blank\" rel=\"noopener\">here<\/a>.<\/p>\n<p style=\"text-align: center;\">To RSVP, please click\u00a0<a href=\"https:\/\/lachinoise.eventbrite.com\/\" target=\"_blank\" rel=\"noopener\">here<\/a>.<\/p>\n<h2 style=\"text-align: center;\">***<\/h2>\n<h2 style=\"text-align: center;\">October 20, 2017 at 12:00pm | 754 Schermerhorn Ext.<\/h2>\n<h1 style=\"text-align: center;\"><strong>States of Emergency: The Constitutional Regime in France, Italy, Germany, Spain, the United Kingdom, Belgium and Turkey <\/strong><\/h1>\n<h3 style=\"text-align: center;\">What does emergency implies for constitutional regimes and how legal comparison can help understand it?<\/h3>\n<h2 style=\"text-align: center;\"><strong>Eleonora Bottini, <a href=\"https:\/\/www.law.columbia.edu\/faculty\/eleonora-bottini\">Sorbonne Law School<\/a><\/strong><\/h2>\n<p><img loading=\"lazy\" decoding=\"async\" class=\"wp-image-2423 alignnone\" src=\"https:\/\/blogs.law.columbia.edu\/uprising1313\/files\/2016\/08\/law-300x209.jpg\" alt=\"\" width=\"566\" height=\"394\" srcset=\"https:\/\/blogs.law.columbia.edu\/uprising1313\/files\/2016\/08\/law-300x209.jpg 300w, https:\/\/blogs.law.columbia.edu\/uprising1313\/files\/2016\/08\/law.jpg 534w\" sizes=\"auto, (max-width: 566px) 100vw, 566px\" \/><\/p>\n<p>The state of emergency was implemented in France in November 2015 after the terrorists\u2019 attacks in Paris and is still activated at this time. Two years after, it draws inevitably lawyers\u2019 attention to the continuing restrictions to human rights and derogations to the separation of powers inherent to emergency laws. Based on the assumption that constitutional states cannot deal effectively with emergencies, special provisions on emergency powers are inserted in constitutions and legislations in many other democracies around the world. Those provisions are supposed to be both temporary and conservative, but those conditions are not always respected. We will discuss states of emergency in various European states such as France, Italy, Germany, Spain, the United Kingdom, Belgium and Turkey, as well as the role of the European Court of Human Rights in controlling those emergency legislations. The comparison aims to classify those legislations using criteria such as the legal framework (legislative or constitutional) of the emergency powers, the constitutional safeguards for the protection of some fundamental rights and the role of constitutions in dealing with emergency laws especially when they last for a considerable amount of time.<\/p>\n<p>&nbsp;<\/p>\n<h2 style=\"text-align: center;\">***<\/h2>\n<h2><\/h2>\n<h2 style=\"text-align: center;\">October 27, 2017 at 12:00pm<\/h2>\n<h1 style=\"text-align: center;\"><a href=\"https:\/\/blogs.law.columbia.edu\/uprising1313\/power-subjectivity-and-data\/\">Power, Subjectivity, and Data<\/a><\/h1>\n<p style=\"text-align: center;\">William June Warren 103<\/p>\n<p style=\"text-align: center;\"><a href=\"https:\/\/blogs.law.columbia.edu\/uprising1313\/power-subjectivity-and-data\/big-data\/#main\" rel=\"attachment wp-att-2452\"><img loading=\"lazy\" decoding=\"async\" class=\"alignnone wp-image-2452\" src=\"https:\/\/blogs.law.columbia.edu\/uprising1313\/files\/2017\/10\/big-data-300x200.jpg\" alt=\"\" width=\"542\" height=\"361\" srcset=\"https:\/\/blogs.law.columbia.edu\/uprising1313\/files\/2017\/10\/big-data-300x200.jpg 300w, https:\/\/blogs.law.columbia.edu\/uprising1313\/files\/2017\/10\/big-data.jpg 649w\" sizes=\"auto, (max-width: 542px) 100vw, 542px\" \/><\/a><\/p>\n<h2 style=\"text-align: center;\">Tung-Hui Hu, <a href=\"https:\/\/webapps.lsa.umich.edu\/english\/people\/profile.asp?ID=1806\">University of Michigan<\/a><\/h2>\n<h2 style=\"text-align: center;\">Colin Koopman, <a href=\"https:\/\/philosophy.uoregon.edu\/profile\/koopman\/\">University of Oregon<\/a><\/h2>\n<h2 style=\"text-align: center;\">Natasha Sch\u00fcll, <a href=\"https:\/\/steinhardt.nyu.edu\/faculty\/Natasha_Schull\">New York University<\/a><\/h2>\n<h2 style=\"text-align: center;\">at Columbia University in New York<\/h2>\n<p>&nbsp;<\/p>\n<p style=\"text-align: center;\">How are contemporary practices of surveillance, social media,<br \/>\ndigital-ness, and data transforming the contours of subjectivity?<br \/>\nWhat modes of power and knowledge are operating on our networked<br \/>\nselves?\u00a0 How do these powers and rationalities work on a minute<br \/>\ntechnical level to reshape our identities and our identity categories?<br \/>\nThese questions have enormous stakes in our contemporary age of big<br \/>\ndata and mass surveillance.\u00a0 Their investigation can be a site of<br \/>\nproductive critique today, both interrogating the conditions of<br \/>\npossibility of subjectivity and also reinvigorating the terms of<br \/>\ncritical scholarship.\u00a0 Following the lead of Michel Foucault&#8217;s<br \/>\n&#8220;history of the present&#8221; this workshop is focused on the possibilities<br \/>\nfor critical philosophy today in the midst of emergent forms of power,<br \/>\nknowledge, and subjectivity.<\/p>\n<h2><\/h2>\n<h2 style=\"text-align: center;\">***<\/h2>\n<p>&nbsp;<\/p>\n<h2 style=\"text-align: center;\">February 2, 2018 at 12:15pm in Schermerhorn 754 Extension<\/h2>\n<h1 style=\"text-align: center;\">The Louvre on Fire: History of a False Report<\/h1>\n<h2 style=\"text-align: center;\">Manfred Posani L\u00f6wenstein, Universit\u00e9 de Montr\u00e9al<\/h2>\n<p style=\"text-align: center;\">On the last week of May 1871 Paris was burning. The terrible days remembered as <em>Semaine sanglante<\/em> have been thoroughly studied by scholars&#8211;not just the events (the siege of Paris, the resistance of the Communards, the political and diplomatic background of the civil war), but also the legends and the false reports that spontaneously spread through the soldiers and through the public opinion of that time. But it is surprising that not a single study has been devoted, until now, to a supposed event that had a huge echo at the time. Between the 24th<sup>\u00a0<\/sup>and the 30<span style=\"font-size: 13.3333px;\">th\u00a0<\/span>of May 1871 the newspapers of the major cities in the world trumpeted the destruction of the Louvre. Great intellectuals of the time (Friedrich Nietzsche, Gustave Le Bon) wrote about it, sometimes remembering the shock of those days years later. This workshop will explore the story of this false report as initiated by two major events that occurred in 1867: the Universal Exposition in Paris (probably the birth of modern mass tourism), and the installation of the transatlantic telegraph. In all likelihood, this is the first case of a false report distributed by mass media on a global scale.<\/p>\n<h2><\/h2>\n<h2 style=\"text-align: center;\">***<\/h2>\n","protected":false},"excerpt":{"rendered":"<p>Please read Arlette Farge&#8216;s brilliant essay for Uprising 13\/13 on French riots in the 18th century Arlette Farge, &#8220;\u00c9meutes du XIII\u00e8me si\u00e8cle&#8221; \u00a0 [English translation forthcoming] ~~~ In addition to the Uprising 13\/13 seminars, we are delighted to present several&hellip; <a href=\"https:\/\/blogs.law.columbia.edu\/uprising1313\/extra-seminars\/\" class=\"more-link\">Continue Reading <span class=\"meta-nav\">&rarr;<\/span><\/a><\/p>\n","protected":false},"author":1603,"featured_media":0,"parent":0,"menu_order":0,"comment_status":"closed","ping_status":"closed","template":"","meta":{"_monsterinsights_skip_tracking":false,"_monsterinsights_sitenote_active":false,"_monsterinsights_sitenote_note":"","_monsterinsights_sitenote_category":0,"footnotes":""},"class_list":["post-350","page","type-page","status-publish","hentry"],"_links":{"self":[{"href":"https:\/\/blogs.law.columbia.edu\/uprising1313\/wp-json\/wp\/v2\/pages\/350","targetHints":{"allow":["GET"]}}],"collection":[{"href":"https:\/\/blogs.law.columbia.edu\/uprising1313\/wp-json\/wp\/v2\/pages"}],"about":[{"href":"https:\/\/blogs.law.columbia.edu\/uprising1313\/wp-json\/wp\/v2\/types\/page"}],"author":[{"embeddable":true,"href":"https:\/\/blogs.law.columbia.edu\/uprising1313\/wp-json\/wp\/v2\/users\/1603"}],"replies":[{"embeddable":true,"href":"https:\/\/blogs.law.columbia.edu\/uprising1313\/wp-json\/wp\/v2\/comments?post=350"}],"version-history":[{"count":0,"href":"https:\/\/blogs.law.columbia.edu\/uprising1313\/wp-json\/wp\/v2\/pages\/350\/revisions"}],"wp:attachment":[{"href":"https:\/\/blogs.law.columbia.edu\/uprising1313\/wp-json\/wp\/v2\/media?parent=350"}],"curies":[{"name":"wp","href":"https:\/\/api.w.org\/{rel}","templated":true}]}}